{"id":211,"date":"2022-02-03T23:09:12","date_gmt":"2022-02-03T22:09:12","guid":{"rendered":"https:\/\/protocole-agency.com\/?page_id=211"},"modified":"2026-03-06T09:24:55","modified_gmt":"2026-03-06T08:24:55","slug":"agence-evenementielle-marseille-identite","status":"publish","type":"page","link":"https:\/\/protocole-agency.com\/en\/agence-evenementielle-marseille-identite\/","title":{"rendered":"Identity"},"content":{"rendered":"<p>[et_pb_section fb_built=\u00a0\u00bb1&Prime; _builder_version=\u00a0\u00bb4.14.7&Prime; _module_preset=\u00a0\u00bbdefault\u00a0\u00bb global_colors_info=\u00a0\u00bb{}\u00a0\u00bb][et_pb_row column_structure=\u00a0\u00bb3_5,2_5&Prime; use_custom_gutter=\u00a0\u00bbon\u00a0\u00bb gutter_width=\u00a0\u00bb1&Prime; _builder_version=\u00a0\u00bb4.14.7&Prime; _module_preset=\u00a0\u00bbdefault\u00a0\u00bb custom_margin=\u00a0\u00bb0px||0px||false|false\u00a0\u00bb custom_padding=\u00a0\u00bb0px||0px||false|false\u00a0\u00bb locked=\u00a0\u00bboff\u00a0\u00bb global_colors_info=\u00a0\u00bb{}\u00a0\u00bb][et_pb_column type=\u00a0\u00bb3_5&Prime; _builder_version=\u00a0\u00bb4.14.7&Prime; _module_preset=\u00a0\u00bbdefault\u00a0\u00bb background_image=\u00a0\u00bbhttps:\/\/protocole-agency.com\/wp-content\/uploads\/2022\/02\/protocole.jpeg\u00a0\u00bb global_colors_info=\u00a0\u00bb{}\u00a0\u00bb][et_pb_divider show_divider=\u00a0\u00bboff\u00a0\u00bb _builder_version=\u00a0\u00bb4.14.7&Prime; _module_preset=\u00a0\u00bbdefault\u00a0\u00bb height=\u00a0\u00bb300px\u00a0\u00bb locked=\u00a0\u00bboff\u00a0\u00bb global_colors_info=\u00a0\u00bb{}\u00a0\u00bb][\/et_pb_divider][\/et_pb_column][et_pb_column type=\u00a0\u00bb2_5&Prime; _builder_version=\u00a0\u00bb4.14.7&Prime; _module_preset=\u00a0\u00bbdefault\u00a0\u00bb custom_padding=\u00a0\u00bb100px||50px|50px|false|false\u00a0\u00bb custom_padding_tablet=\u00a0\u00bb50px|50px|50px|0px|false|false\u00a0\u00bb custom_padding_phone=\u00a0\u00bb50px|0px|50px|0px|false|true\u00a0\u00bb custom_padding_last_edited=\u00a0\u00bbon|phone\u00a0\u00bb global_colors_info=\u00a0\u00bb{}\u00a0\u00bb][et_pb_text module_class=\u00a0\u00bbtitle_ligne\u00a0\u00bb _builder_version=\u00a0\u00bb4.14.7&Prime; _module_preset=\u00a0\u00bbdefault\u00a0\u00bb header_4_font=\u00a0\u00bb||||||||\u00a0\u00bb header_4_font_size=\u00a0\u00bb18px\u00a0\u00bb custom_margin=\u00a0\u00bb||50px||false|false\u00a0\u00bb hover_enabled=\u00a0\u00bb0&Prime; global_colors_info=\u00a0\u00bb{}\u00a0\u00bb sticky_enabled=\u00a0\u00bb0&Prime;]<\/p>\n<h1>L&rsquo;ADN de Protocole<\/h1>\n<p>[\/et_pb_text][et_pb_text _builder_version=\u00a0\u00bb4.14.7&Prime; _module_preset=\u00a0\u00bbdefault\u00a0\u00bb header_4_font_size=\u00a0\u00bb18px\u00a0\u00bb custom_margin=\u00a0\u00bb||||false|false\u00a0\u00bb hover_enabled=\u00a0\u00bb0&Prime; global_colors_info=\u00a0\u00bb{}\u00a0\u00bb sticky_enabled=\u00a0\u00bb0&Prime;]<\/p>\n<h2>L&rsquo;ADN de Protocole Agency | Rigueur, Excellence &amp; Protocole<\/h2>\n<h4><\/h4>\n<h4>Ex-chef du protocole de la CCIAMP, Thalie Testot-Ferry, a mont\u00e9 sa propre structure d\u00e9di\u00e9e au monde de l\u2019\u00e9conomie mais aussi aux f\u00e9d\u00e9rations, associations et particuliers.<\/h4>\n<p>L&rsquo;identit\u00e9 de <b data-path-to-node=\"10,0\" data-index-in-node=\"15\">Protocole Agency<\/b> repose sur une conviction : la r\u00e9ussite d\u2019un \u00e9v\u00e9nement d\u2019exception ne laisse aucune place au hasard. Notre ADN est un m\u00e9lange subtil de <b data-path-to-node=\"10,0\" data-index-in-node=\"168\">savoir-faire institutionnel<\/b>, de codes de <b data-path-to-node=\"10,0\" data-index-in-node=\"209\">biens\u00e9ance<\/b> et d&rsquo;une cr\u00e9ativit\u00e9 sans cesse renouvel\u00e9e. Nous ne nous contentons pas d\u2019organiser, nous orchestrons chaque instant pour qu\u2019il devienne une signature pour nos clients.<\/p>\n<p>&nbsp;<\/p>\n<p>&nbsp;<\/p>\n<p><strong>1. La Ma\u00eetrise du Protocole<\/strong><br \/>H\u00e9rit\u00e9 d&rsquo;une longue exp\u00e9rience aupr\u00e8s des institutions majeures de Marseille et de la r\u00e9gion PACA, le respect du protocole est notre socle. Gestion des officiels, respect des pr\u00e9s\u00e9ances et ma\u00eetrise des usages diplomatiques : nous s\u00e9curisons l&rsquo;image de nos clients.<\/p>\n<p>&nbsp;<\/p>\n<p><strong>2. L&rsquo;Excellence Op\u00e9rationnelle<\/strong><br \/>De la logistique la plus complexe \u00e0 la sc\u00e9nographie la plus fine, nous appliquons une rigueur millim\u00e9tr\u00e9e. Chaque prestataire est s\u00e9lectionn\u00e9 pour son excellence, garantissant une ex\u00e9cution sans faille le jour J.<\/p>\n<p><strong><br \/>3. L&rsquo;Ancrage Territorial<\/strong><br \/>\u00catre une agence \u00e9v\u00e9nementielle \u00e0 Marseille, c&rsquo;est conna\u00eetre parfaitement les forces vives locales. Nous cr\u00e9ons des ponts entre le monde institutionnel, le secteur \u00e9conomique et les lieux les plus prestigieux de la M\u00e9diterran\u00e9e.<\/p>\n<p>[\/et_pb_text][\/et_pb_column][\/et_pb_row][\/et_pb_section][et_pb_section fb_built=\u00a0\u00bb1&Prime; _builder_version=\u00a0\u00bb4.14.7&Prime; _module_preset=\u00a0\u00bbdefault\u00a0\u00bb locked=\u00a0\u00bboff\u00a0\u00bb global_colors_info=\u00a0\u00bb{}\u00a0\u00bb][et_pb_row use_custom_gutter=\u00a0\u00bbon\u00a0\u00bb gutter_width=\u00a0\u00bb1&Prime; module_class=\u00a0\u00bbalign_bottom\u00a0\u00bb _builder_version=\u00a0\u00bb4.14.7&Prime; _module_preset=\u00a0\u00bbdefault\u00a0\u00bb custom_margin=\u00a0\u00bb100px||0px||false|false\u00a0\u00bb custom_padding=\u00a0\u00bb0px||0px||false|false\u00a0\u00bb locked=\u00a0\u00bboff\u00a0\u00bb global_colors_info=\u00a0\u00bb{}\u00a0\u00bb][et_pb_column type=\u00a0\u00bb4_4&Prime; _builder_version=\u00a0\u00bb4.14.7&Prime; _module_preset=\u00a0\u00bbdefault\u00a0\u00bb custom_padding=\u00a0\u00bb||||false|false\u00a0\u00bb global_colors_info=\u00a0\u00bb{}\u00a0\u00bb][et_pb_text module_class=\u00a0\u00bbtitle_ligne\u00a0\u00bb _builder_version=\u00a0\u00bb4.14.7&Prime; _module_preset=\u00a0\u00bbdefault\u00a0\u00bb header_4_font=\u00a0\u00bb||||||||\u00a0\u00bb header_4_font_size=\u00a0\u00bb18px\u00a0\u00bb custom_margin=\u00a0\u00bb0px||0px||false|false\u00a0\u00bb custom_padding=\u00a0\u00bb0px||0px||false|false\u00a0\u00bb global_colors_info=\u00a0\u00bb{}\u00a0\u00bb]<\/p>\n<h2>Nos valeurs<\/h2>\n<p>[\/et_pb_text][\/et_pb_column][\/et_pb_row][et_pb_row column_structure=\u00a0\u00bb1_3,1_3,1_3&Prime; _builder_version=\u00a0\u00bb4.14.7&Prime; _module_preset=\u00a0\u00bbdefault\u00a0\u00bb global_colors_info=\u00a0\u00bb{}\u00a0\u00bb][et_pb_column type=\u00a0\u00bb1_3&Prime; _builder_version=\u00a0\u00bb4.14.7&Prime; _module_preset=\u00a0\u00bbdefault\u00a0\u00bb global_colors_info=\u00a0\u00bb{}\u00a0\u00bb][et_pb_image src=\u00a0\u00bbhttps:\/\/protocole-agency.com\/wp-content\/uploads\/2022\/02\/SOLIDARITE.jpeg\u00a0\u00bb alt=\u00a0\u00bbThalie Testot-Ferry &#8211; Pr\u00e9sidente Fondatrice\u00a0\u00bb title_text=\u00a0\u00bbSOLIDARITE\u00a0\u00bb _builder_version=\u00a0\u00bb4.14.7&Prime; _module_preset=\u00a0\u00bbdefault\u00a0\u00bb global_colors_info=\u00a0\u00bb{}\u00a0\u00bb][\/et_pb_image][et_pb_text _builder_version=\u00a0\u00bb4.14.7&Prime; _module_preset=\u00a0\u00bbdefault\u00a0\u00bb global_colors_info=\u00a0\u00bb{}\u00a0\u00bb]<\/p>\n<p><strong>SOLIDARIT\u00c9<\/strong>\u00a0<\/p>\n<p>[\/et_pb_text][et_pb_text module_class=\u00a0\u00bbinfos_plus\u00a0\u00bb _builder_version=\u00a0\u00bb4.14.7&Prime; _module_preset=\u00a0\u00bbdefault\u00a0\u00bb locked=\u00a0\u00bboff\u00a0\u00bb global_colors_info=\u00a0\u00bb{}\u00a0\u00bb]<\/p>\n<div class=\"link_ensavoirplus\">\n<div class=\"link_plus\">\n<p>En savoir plus<\/p>\n<\/div>\n<div class=\"content_team\"><\/div>\n<div id=\"solidarite\" class=\"content_team\">\n<p>Protocole Agency soutient la Croix-Rouge depuis de nombreuses ann\u00e9es, en effet, Thalie Testot-Ferry est b\u00e9n\u00e9vole depuis plus de 10 ans et nous nous chargeons de la r\u00e9alisation du Gala de la Croix-Rouge \u00e0 Marseille chaque ann\u00e9e.<\/p>\n<p>En 2019 Protocole Agency s\u2019engage avec entrepreneur pour la plan\u00e8te. L\u2019objectif du projet est de rassembler des entrepreneurs engag\u00e9s et d\u00e9sireux d\u2019agir pour la pr\u00e9servation de l\u2019environnement.<\/p>\n<\/div>\n<\/div>\n<p>[\/et_pb_text][\/et_pb_column][et_pb_column type=\u00a0\u00bb1_3&Prime; _builder_version=\u00a0\u00bb4.14.7&Prime; _module_preset=\u00a0\u00bbdefault\u00a0\u00bb global_colors_info=\u00a0\u00bb{}\u00a0\u00bb][et_pb_image src=\u00a0\u00bbhttps:\/\/protocole-agency.com\/wp-content\/uploads\/2022\/02\/RESPONSABILITE.jpeg\u00a0\u00bb alt=\u00a0\u00bbAliz\u00e9e Merdy &#8211; Directrice Artistique\u00a0\u00bb title_text=\u00a0\u00bbRESPONSABILITE\u00a0\u00bb _builder_version=\u00a0\u00bb4.14.7&Prime; _module_preset=\u00a0\u00bbdefault\u00a0\u00bb global_colors_info=\u00a0\u00bb{}\u00a0\u00bb][\/et_pb_image][et_pb_text _builder_version=\u00a0\u00bb4.14.7&Prime; _module_preset=\u00a0\u00bbdefault\u00a0\u00bb global_colors_info=\u00a0\u00bb{}\u00a0\u00bb]<\/p>\n<p><strong>RESPONSABILIT\u00c9\u00a0<\/strong><\/p>\n<p>[\/et_pb_text][et_pb_text module_class=\u00a0\u00bbinfos_plus\u00a0\u00bb _builder_version=\u00a0\u00bb4.14.7&Prime; _module_preset=\u00a0\u00bbdefault\u00a0\u00bb locked=\u00a0\u00bboff\u00a0\u00bb global_colors_info=\u00a0\u00bb{}\u00a0\u00bb]<\/p>\n<div class=\"link_ensavoirplus\">\n<div class=\"link_plus\">\n<p>En savoir plus<\/p>\n<\/div>\n<div class=\"content_team\"><\/div>\n<div id=\"resp\" class=\"content_team\">\n<p>Nous privil\u00e9gions toujours la r\u00e9utilisation du mat\u00e9riel \u00e9v\u00e8nementiel requis lors de vos r\u00e9ceptions. Nous louons donc mobiliers, mat\u00e9riels technique, plantes, \u00e9l\u00e9ments de sc\u00e9nographie etc. \u00e0 des prestataires locaux<\/p>\n<\/div>\n<\/div>\n<p>[\/et_pb_text][\/et_pb_column][et_pb_column type=\u00a0\u00bb1_3&Prime; _builder_version=\u00a0\u00bb4.14.7&Prime; _module_preset=\u00a0\u00bbdefault\u00a0\u00bb global_colors_info=\u00a0\u00bb{}\u00a0\u00bb][et_pb_image src=\u00a0\u00bbhttps:\/\/protocole-agency.com\/wp-content\/uploads\/2022\/02\/PARTAGE.jpeg\u00a0\u00bb alt=\u00a0\u00bbFlorian Rousse &#8211; Chef de Projet \u00c9v\u00e8nementiel\u00a0\u00bb title_text=\u00a0\u00bbPARTAGE\u00a0\u00bb _builder_version=\u00a0\u00bb4.14.7&Prime; _module_preset=\u00a0\u00bbdefault\u00a0\u00bb global_colors_info=\u00a0\u00bb{}\u00a0\u00bb][\/et_pb_image][et_pb_text _builder_version=\u00a0\u00bb4.14.7&Prime; _module_preset=\u00a0\u00bbdefault\u00a0\u00bb global_colors_info=\u00a0\u00bb{}\u00a0\u00bb]<\/p>\n<p><strong>PARTAGE<\/strong><\/p>\n<p>[\/et_pb_text][et_pb_text module_class=\u00a0\u00bbinfos_plus\u00a0\u00bb _builder_version=\u00a0\u00bb4.14.7&Prime; _module_preset=\u00a0\u00bbdefault\u00a0\u00bb locked=\u00a0\u00bboff\u00a0\u00bb global_colors_info=\u00a0\u00bb{}\u00a0\u00bb]<\/p>\n<div class=\"link_ensavoirplus\">\n<div class=\"link_plus\">\n<p>En savoir plus<\/p>\n<\/div>\n<div class=\"content_team\"><\/div>\n<div id=\"partage\" class=\"content_team\">\n<p>Les relations avec nos clients et prestataires font partie de nos priorit\u00e9s, nous aimons travailler en toute confiance et bienveillance car nous \u0153uvrons tous dans le m\u00eame but : la r\u00e9ussite de votre \u00e9v\u00e8nement.<\/p>\n<\/div>\n<\/div>\n<p>[\/et_pb_text][\/et_pb_column][\/et_pb_row][\/et_pb_section]<\/p>\n","protected":false},"excerpt":{"rendered":"<p>L&rsquo;ADN de ProtocoleL&rsquo;ADN de Protocole Agency | Rigueur, Excellence &amp; Protocole Ex-chef du protocole de la CCIAMP, Thalie Testot-Ferry, a mont\u00e9 sa propre structure d\u00e9di\u00e9e au monde de l\u2019\u00e9conomie mais aussi aux f\u00e9d\u00e9rations, associations et particuliers. L&rsquo;identit\u00e9 de Protocole Agency repose sur une conviction : la r\u00e9ussite d\u2019un \u00e9v\u00e9nement d\u2019exception ne laisse aucune place au [&hellip;]<\/p>\n","protected":false},"author":1,"featured_media":0,"parent":0,"menu_order":0,"comment_status":"closed","ping_status":"closed","template":"","meta":{"_et_pb_use_builder":"on","_et_pb_old_content":"","_et_gb_content_width":"","_monsterinsights_skip_tracking":false,"_monsterinsights_sitenote_active":false,"_monsterinsights_sitenote_note":"","_monsterinsights_sitenote_category":0,"footnotes":""},"class_list":["post-211","page","type-page","status-publish","hentry"],"acf":[],"yoast_head":"<!-- This site is optimized with the Yoast SEO plugin v27.3 - https:\/\/yoast.com\/product\/yoast-seo-wordpress\/ -->\n<title>Agence \u00e9v\u00e8nementielle Marseille - Identit\u00e9 et Valeurs Protocole Agency<\/title>\n<meta name=\"description\" content=\"D\u00e9couvrez l&#039;identit\u00e9 de Protocole Agency. Une agence \u00e9v\u00e9nementielle \u00e0 Marseille qui allie les codes du protocole institutionnel \u00e0 la cr\u00e9ativit\u00e9 du luxe.\" \/>\n<meta name=\"robots\" content=\"index, follow, max-snippet:-1, max-image-preview:large, max-video-preview:-1\" \/>\n<link rel=\"canonical\" href=\"https:\/\/protocole-agency.com\/en\/agence-evenementielle-marseille-identite\/\" \/>\n<meta property=\"og:locale\" content=\"en_GB\" \/>\n<meta property=\"og:type\" content=\"article\" \/>\n<meta property=\"og:title\" content=\"Agence \u00e9v\u00e8nementielle Marseille - Identit\u00e9 et Valeurs Protocole Agency\" \/>\n<meta property=\"og:description\" content=\"D\u00e9couvrez l&#039;identit\u00e9 de Protocole Agency. Une agence \u00e9v\u00e9nementielle \u00e0 Marseille qui allie les codes du protocole institutionnel \u00e0 la cr\u00e9ativit\u00e9 du luxe.\" \/>\n<meta property=\"og:url\" content=\"https:\/\/protocole-agency.com\/en\/agence-evenementielle-marseille-identite\/\" \/>\n<meta property=\"og:site_name\" content=\"Protocole Agency\" \/>\n<meta property=\"article:modified_time\" content=\"2026-03-06T08:24:55+00:00\" \/>\n<meta name=\"twitter:card\" content=\"summary_large_image\" \/>\n<meta name=\"twitter:label1\" content=\"Estimated reading time\" \/>\n\t<meta name=\"twitter:data1\" content=\"3 minutes\" \/>\n<script type=\"application\/ld+json\" class=\"yoast-schema-graph\">{\"@context\":\"https:\\\/\\\/schema.org\",\"@graph\":[{\"@type\":\"WebPage\",\"@id\":\"https:\\\/\\\/protocole-agency.com\\\/agence-evenementielle-marseille-identite\\\/\",\"url\":\"https:\\\/\\\/protocole-agency.com\\\/agence-evenementielle-marseille-identite\\\/\",\"name\":\"Agence \u00e9v\u00e8nementielle Marseille - Identit\u00e9 et Valeurs Protocole Agency\",\"isPartOf\":{\"@id\":\"https:\\\/\\\/protocole-agency.com\\\/#website\"},\"datePublished\":\"2022-02-03T22:09:12+00:00\",\"dateModified\":\"2026-03-06T08:24:55+00:00\",\"description\":\"D\u00e9couvrez l'identit\u00e9 de Protocole Agency. Une agence \u00e9v\u00e9nementielle \u00e0 Marseille qui allie les codes du protocole institutionnel \u00e0 la cr\u00e9ativit\u00e9 du luxe.\",\"breadcrumb\":{\"@id\":\"https:\\\/\\\/protocole-agency.com\\\/agence-evenementielle-marseille-identite\\\/#breadcrumb\"},\"inLanguage\":\"en-GB\",\"potentialAction\":[{\"@type\":\"ReadAction\",\"target\":[\"https:\\\/\\\/protocole-agency.com\\\/agence-evenementielle-marseille-identite\\\/\"]}]},{\"@type\":\"BreadcrumbList\",\"@id\":\"https:\\\/\\\/protocole-agency.com\\\/agence-evenementielle-marseille-identite\\\/#breadcrumb\",\"itemListElement\":[{\"@type\":\"ListItem\",\"position\":1,\"name\":\"Accueil\",\"item\":\"https:\\\/\\\/protocole-agency.com\\\/\"},{\"@type\":\"ListItem\",\"position\":2,\"name\":\"Identit\u00e9\"}]},{\"@type\":\"WebSite\",\"@id\":\"https:\\\/\\\/protocole-agency.com\\\/#website\",\"url\":\"https:\\\/\\\/protocole-agency.com\\\/\",\"name\":\"Protocole Agency\",\"description\":\"Agence d&#039;\u00e9v\u00e9nements protocolaires et de prestige\",\"publisher\":{\"@id\":\"https:\\\/\\\/protocole-agency.com\\\/#organization\"},\"potentialAction\":[{\"@type\":\"SearchAction\",\"target\":{\"@type\":\"EntryPoint\",\"urlTemplate\":\"https:\\\/\\\/protocole-agency.com\\\/?s={search_term_string}\"},\"query-input\":{\"@type\":\"PropertyValueSpecification\",\"valueRequired\":true,\"valueName\":\"search_term_string\"}}],\"inLanguage\":\"en-GB\"},{\"@type\":\"Organization\",\"@id\":\"https:\\\/\\\/protocole-agency.com\\\/#organization\",\"name\":\"Protocole Agency\",\"url\":\"https:\\\/\\\/protocole-agency.com\\\/\",\"logo\":{\"@type\":\"ImageObject\",\"inLanguage\":\"en-GB\",\"@id\":\"https:\\\/\\\/protocole-agency.com\\\/#\\\/schema\\\/logo\\\/image\\\/\",\"url\":\"https:\\\/\\\/protocole-agency.com\\\/wp-content\\\/uploads\\\/2022\\\/02\\\/protocole-agency.svg\",\"contentUrl\":\"https:\\\/\\\/protocole-agency.com\\\/wp-content\\\/uploads\\\/2022\\\/02\\\/protocole-agency.svg\",\"width\":1,\"height\":1,\"caption\":\"Protocole Agency\"},\"image\":{\"@id\":\"https:\\\/\\\/protocole-agency.com\\\/#\\\/schema\\\/logo\\\/image\\\/\"}}]}<\/script>\n<!-- \/ Yoast SEO plugin. -->","yoast_head_json":{"title":"Agence \u00e9v\u00e8nementielle Marseille - Identit\u00e9 et Valeurs Protocole Agency","description":"D\u00e9couvrez l'identit\u00e9 de Protocole Agency. Une agence \u00e9v\u00e9nementielle \u00e0 Marseille qui allie les codes du protocole institutionnel \u00e0 la cr\u00e9ativit\u00e9 du luxe.","robots":{"index":"index","follow":"follow","max-snippet":"max-snippet:-1","max-image-preview":"max-image-preview:large","max-video-preview":"max-video-preview:-1"},"canonical":"https:\/\/protocole-agency.com\/en\/agence-evenementielle-marseille-identite\/","og_locale":"en_GB","og_type":"article","og_title":"Agence \u00e9v\u00e8nementielle Marseille - Identit\u00e9 et Valeurs Protocole Agency","og_description":"D\u00e9couvrez l'identit\u00e9 de Protocole Agency. Une agence \u00e9v\u00e9nementielle \u00e0 Marseille qui allie les codes du protocole institutionnel \u00e0 la cr\u00e9ativit\u00e9 du luxe.","og_url":"https:\/\/protocole-agency.com\/en\/agence-evenementielle-marseille-identite\/","og_site_name":"Protocole Agency","article_modified_time":"2026-03-06T08:24:55+00:00","twitter_card":"summary_large_image","twitter_misc":{"Estimated reading time":"3 minutes"},"schema":{"@context":"https:\/\/schema.org","@graph":[{"@type":"WebPage","@id":"https:\/\/protocole-agency.com\/agence-evenementielle-marseille-identite\/","url":"https:\/\/protocole-agency.com\/agence-evenementielle-marseille-identite\/","name":"Agence \u00e9v\u00e8nementielle Marseille - Identit\u00e9 et Valeurs Protocole Agency","isPartOf":{"@id":"https:\/\/protocole-agency.com\/#website"},"datePublished":"2022-02-03T22:09:12+00:00","dateModified":"2026-03-06T08:24:55+00:00","description":"D\u00e9couvrez l'identit\u00e9 de Protocole Agency. Une agence \u00e9v\u00e9nementielle \u00e0 Marseille qui allie les codes du protocole institutionnel \u00e0 la cr\u00e9ativit\u00e9 du luxe.","breadcrumb":{"@id":"https:\/\/protocole-agency.com\/agence-evenementielle-marseille-identite\/#breadcrumb"},"inLanguage":"en-GB","potentialAction":[{"@type":"ReadAction","target":["https:\/\/protocole-agency.com\/agence-evenementielle-marseille-identite\/"]}]},{"@type":"BreadcrumbList","@id":"https:\/\/protocole-agency.com\/agence-evenementielle-marseille-identite\/#breadcrumb","itemListElement":[{"@type":"ListItem","position":1,"name":"Accueil","item":"https:\/\/protocole-agency.com\/"},{"@type":"ListItem","position":2,"name":"Identit\u00e9"}]},{"@type":"WebSite","@id":"https:\/\/protocole-agency.com\/#website","url":"https:\/\/protocole-agency.com\/","name":"Protocole Agency","description":"Agence d&#039;\u00e9v\u00e9nements protocolaires et de prestige","publisher":{"@id":"https:\/\/protocole-agency.com\/#organization"},"potentialAction":[{"@type":"SearchAction","target":{"@type":"EntryPoint","urlTemplate":"https:\/\/protocole-agency.com\/?s={search_term_string}"},"query-input":{"@type":"PropertyValueSpecification","valueRequired":true,"valueName":"search_term_string"}}],"inLanguage":"en-GB"},{"@type":"Organization","@id":"https:\/\/protocole-agency.com\/#organization","name":"Protocole Agency","url":"https:\/\/protocole-agency.com\/","logo":{"@type":"ImageObject","inLanguage":"en-GB","@id":"https:\/\/protocole-agency.com\/#\/schema\/logo\/image\/","url":"https:\/\/protocole-agency.com\/wp-content\/uploads\/2022\/02\/protocole-agency.svg","contentUrl":"https:\/\/protocole-agency.com\/wp-content\/uploads\/2022\/02\/protocole-agency.svg","width":1,"height":1,"caption":"Protocole Agency"},"image":{"@id":"https:\/\/protocole-agency.com\/#\/schema\/logo\/image\/"}}]}},"_links":{"self":[{"href":"https:\/\/protocole-agency.com\/en\/wp-json\/wp\/v2\/pages\/211","targetHints":{"allow":["GET"]}}],"collection":[{"href":"https:\/\/protocole-agency.com\/en\/wp-json\/wp\/v2\/pages"}],"about":[{"href":"https:\/\/protocole-agency.com\/en\/wp-json\/wp\/v2\/types\/page"}],"author":[{"embeddable":true,"href":"https:\/\/protocole-agency.com\/en\/wp-json\/wp\/v2\/users\/1"}],"replies":[{"embeddable":true,"href":"https:\/\/protocole-agency.com\/en\/wp-json\/wp\/v2\/comments?post=211"}],"version-history":[{"count":27,"href":"https:\/\/protocole-agency.com\/en\/wp-json\/wp\/v2\/pages\/211\/revisions"}],"predecessor-version":[{"id":3277,"href":"https:\/\/protocole-agency.com\/en\/wp-json\/wp\/v2\/pages\/211\/revisions\/3277"}],"wp:attachment":[{"href":"https:\/\/protocole-agency.com\/en\/wp-json\/wp\/v2\/media?parent=211"}],"curies":[{"name":"wp","href":"https:\/\/api.w.org\/{rel}","templated":true}]}}