{"id":407,"date":"2022-02-04T15:42:50","date_gmt":"2022-02-04T14:42:50","guid":{"rendered":"https:\/\/protocole-agency.com\/?page_id=407"},"modified":"2025-10-21T14:12:42","modified_gmt":"2025-10-21T12:12:42","slug":"contact","status":"publish","type":"page","link":"https:\/\/protocole-agency.com\/en\/contact\/","title":{"rendered":"Contact"},"content":{"rendered":"<p>[et_pb_section fb_built=\u00a0\u00bb1&Prime; _builder_version=\u00a0\u00bb4.14.7&Prime; _module_preset=\u00a0\u00bbdefault\u00a0\u00bb global_colors_info=\u00a0\u00bb{}\u00a0\u00bb][et_pb_row column_structure=\u00a0\u00bb1_2,1_2&Prime; use_custom_gutter=\u00a0\u00bbon\u00a0\u00bb gutter_width=\u00a0\u00bb1&Prime; module_class=\u00a0\u00bbalign_bottom\u00a0\u00bb _builder_version=\u00a0\u00bb4.14.7&Prime; _module_preset=\u00a0\u00bbdefault\u00a0\u00bb custom_margin=\u00a0\u00bb0px||0px||false|false\u00a0\u00bb custom_padding=\u00a0\u00bb0px||0px||false|false\u00a0\u00bb locked=\u00a0\u00bboff\u00a0\u00bb global_colors_info=\u00a0\u00bb{}\u00a0\u00bb][et_pb_column type=\u00a0\u00bb1_2&Prime; _builder_version=\u00a0\u00bb4.14.7&Prime; _module_preset=\u00a0\u00bbdefault\u00a0\u00bb background_enable_image=\u00a0\u00bboff\u00a0\u00bb global_colors_info=\u00a0\u00bb{}\u00a0\u00bb][et_pb_video src=\u00a0\u00bbhttps:\/\/protocole-agency.com\/wp-content\/uploads\/2022\/02\/Vide\u0301o-Page-Contact-.mp4&Prime; _builder_version=\u00a0\u00bb4.14.7&Prime; _module_preset=\u00a0\u00bbdefault\u00a0\u00bb global_colors_info=\u00a0\u00bb{}\u00a0\u00bb][\/et_pb_video][\/et_pb_column][et_pb_column type=\u00a0\u00bb1_2&Prime; _builder_version=\u00a0\u00bb4.14.7&Prime; _module_preset=\u00a0\u00bbdefault\u00a0\u00bb custom_padding=\u00a0\u00bb150px||50px|50px|false|false\u00a0\u00bb custom_padding_tablet=\u00a0\u00bb50px|50px|50px|0px|false|false\u00a0\u00bb custom_padding_phone=\u00a0\u00bb50px|0px|50px|0px|false|true\u00a0\u00bb custom_padding_last_edited=\u00a0\u00bbon|phone\u00a0\u00bb global_colors_info=\u00a0\u00bb{}\u00a0\u00bb][et_pb_text module_class=\u00a0\u00bbtitle_ligne\u00a0\u00bb _builder_version=\u00a0\u00bb4.14.7&Prime; _module_preset=\u00a0\u00bbdefault\u00a0\u00bb header_4_font=\u00a0\u00bb||||||||\u00a0\u00bb header_4_font_size=\u00a0\u00bb18px\u00a0\u00bb custom_margin=\u00a0\u00bb||50px||false|false\u00a0\u00bb global_colors_info=\u00a0\u00bb{}\u00a0\u00bb]<\/p>\n<h1>Contact<\/h1>\n<p>[\/et_pb_text][et_pb_text _builder_version=\u00a0\u00bb4.14.7&Prime; _module_preset=\u00a0\u00bbdefault\u00a0\u00bb header_4_font_size=\u00a0\u00bb18px\u00a0\u00bb custom_margin=\u00a0\u00bb||50px||false|false\u00a0\u00bb hover_enabled=\u00a0\u00bb0&Prime; global_colors_info=\u00a0\u00bb{}\u00a0\u00bb sticky_enabled=\u00a0\u00bb0&Prime;]<\/p>\n<h5>ADRESSE<\/h5>\n<p><span>2 quai de Rive Neuve<br \/><\/span><span>13001 Marseille<\/span><\/p>\n<p>&nbsp;<\/p>\n<h5>EMAIL<\/h5>\n<p><a href=\"mailto:contact@protocole-agency.com\">contact@protocole-agency.com<\/a><\/p>\n<p>&nbsp;<\/p>\n<h5>T\u00c9L\u00c9PHONE<\/h5>\n<p>Thalie Testot-Ferry : <a href=\"tel:+33619441094\">+33 (0)6 19 44 10 94<\/a><\/p>\n<p>Florian Rousse : <a href=\"tel:+33651392263\">+33 (0)6 51 39 22 63<\/a><\/p>\n<p><span>Mattis Merdy : <a href=\"tel:+33698205271\">+33 (0)6 98 20 52 71<\/a><\/span><\/p>\n<p>[\/et_pb_text][et_pb_social_media_follow _builder_version=\u00a0\u00bb4.14.7&Prime; _module_preset=\u00a0\u00bbdefault\u00a0\u00bb text_orientation=\u00a0\u00bbleft\u00a0\u00bb locked=\u00a0\u00bboff\u00a0\u00bb global_colors_info=\u00a0\u00bb{}\u00a0\u00bb][et_pb_social_media_follow_network social_network=\u00a0\u00bbfacebook\u00a0\u00bb url=\u00a0\u00bbhttps:\/\/fr-fr.facebook.com\/ProtocoleAgency\/\u00a0\u00bb _builder_version=\u00a0\u00bb4.14.7&Prime; _module_preset=\u00a0\u00bbdefault\u00a0\u00bb background_enable_color=\u00a0\u00bboff\u00a0\u00bb custom_margin=\u00a0\u00bb0px||0px||true|false\u00a0\u00bb custom_padding=\u00a0\u00bb0px||0px||true|false\u00a0\u00bb global_colors_info=\u00a0\u00bb{}\u00a0\u00bb follow_button=\u00a0\u00bboff\u00a0\u00bb url_new_window=\u00a0\u00bbon\u00a0\u00bb]facebook[\/et_pb_social_media_follow_network][et_pb_social_media_follow_network social_network=\u00a0\u00bbinstagram\u00a0\u00bb url=\u00a0\u00bbhttps:\/\/www.instagram.com\/protocoleagency\/\u00a0\u00bb _builder_version=\u00a0\u00bb4.14.7&Prime; _module_preset=\u00a0\u00bbdefault\u00a0\u00bb background_enable_color=\u00a0\u00bboff\u00a0\u00bb custom_margin=\u00a0\u00bb0px||0px||true|false\u00a0\u00bb custom_padding=\u00a0\u00bb0px||0px||true|false\u00a0\u00bb global_colors_info=\u00a0\u00bb{}\u00a0\u00bb follow_button=\u00a0\u00bboff\u00a0\u00bb url_new_window=\u00a0\u00bbon\u00a0\u00bb]instagram[\/et_pb_social_media_follow_network][et_pb_social_media_follow_network social_network=\u00a0\u00bblinkedin\u00a0\u00bb url=\u00a0\u00bbhttps:\/\/fr.linkedin.com\/company\/protocoleagency\u00a0\u00bb _builder_version=\u00a0\u00bb4.14.7&Prime; _module_preset=\u00a0\u00bbdefault\u00a0\u00bb background_enable_color=\u00a0\u00bboff\u00a0\u00bb global_colors_info=\u00a0\u00bb{}\u00a0\u00bb follow_button=\u00a0\u00bboff\u00a0\u00bb url_new_window=\u00a0\u00bbon\u00a0\u00bb]linkedin[\/et_pb_social_media_follow_network][\/et_pb_social_media_follow][\/et_pb_column][\/et_pb_row][\/et_pb_section][et_pb_section fb_built=\u00a0\u00bb1&Prime; _builder_version=\u00a0\u00bb4.14.7&Prime; _module_preset=\u00a0\u00bbdefault\u00a0\u00bb custom_margin=\u00a0\u00bb100px||0px||false|false\u00a0\u00bb global_colors_info=\u00a0\u00bb{}\u00a0\u00bb][et_pb_row column_structure=\u00a0\u00bb1_4,1_2,1_4&Prime; use_custom_gutter=\u00a0\u00bbon\u00a0\u00bb gutter_width=\u00a0\u00bb1&Prime; _builder_version=\u00a0\u00bb4.14.7&Prime; _module_preset=\u00a0\u00bbdefault\u00a0\u00bb custom_margin=\u00a0\u00bb0px||0px||false|false\u00a0\u00bb custom_padding=\u00a0\u00bb0px||0px||false|false\u00a0\u00bb locked=\u00a0\u00bboff\u00a0\u00bb global_colors_info=\u00a0\u00bb{}\u00a0\u00bb][et_pb_column type=\u00a0\u00bb1_4&Prime; _builder_version=\u00a0\u00bb4.14.7&Prime; _module_preset=\u00a0\u00bbdefault\u00a0\u00bb background_enable_image=\u00a0\u00bboff\u00a0\u00bb global_colors_info=\u00a0\u00bb{}\u00a0\u00bb][\/et_pb_column][et_pb_column type=\u00a0\u00bb1_2&Prime; _builder_version=\u00a0\u00bb4.14.7&Prime; _module_preset=\u00a0\u00bbdefault\u00a0\u00bb custom_padding=\u00a0\u00bb50px||50px|50px|false|false\u00a0\u00bb custom_padding_tablet=\u00a0\u00bb50px|50px|50px|0px|false|false\u00a0\u00bb custom_padding_phone=\u00a0\u00bb50px|0px|50px|0px|false|true\u00a0\u00bb custom_padding_last_edited=\u00a0\u00bbon|phone\u00a0\u00bb global_colors_info=\u00a0\u00bb{}\u00a0\u00bb][et_pb_code _builder_version=\u00a0\u00bb4.14.7&Prime; _module_preset=\u00a0\u00bbdefault\u00a0\u00bb global_colors_info=\u00a0\u00bb{}\u00a0\u00bb]\n<div class=\"wpcf7 no-js\" id=\"wpcf7-f411-o1\" lang=\"fr-FR\" dir=\"ltr\" data-wpcf7-id=\"411\">\n<div class=\"screen-reader-response\"><p role=\"status\" aria-live=\"polite\" aria-atomic=\"true\"><\/p> <ul><\/ul><\/div>\n<form action=\"\/en\/wp-json\/wp\/v2\/pages\/407#wpcf7-f411-o1\" method=\"post\" class=\"wpcf7-form init\" aria-label=\"Formulaire de contact\" novalidate=\"novalidate\" data-status=\"init\">\n<fieldset class=\"hidden-fields-container\"><input type=\"hidden\" name=\"_wpcf7\" value=\"411\" \/><input type=\"hidden\" name=\"_wpcf7_version\" value=\"6.1.5\" \/><input type=\"hidden\" name=\"_wpcf7_locale\" value=\"fr_FR\" \/><input type=\"hidden\" name=\"_wpcf7_unit_tag\" value=\"wpcf7-f411-o1\" \/><input type=\"hidden\" name=\"_wpcf7_container_post\" value=\"0\" \/><input type=\"hidden\" name=\"_wpcf7_posted_data_hash\" value=\"\" \/><input type=\"hidden\" name=\"_wpcf7_recaptcha_response\" value=\"\" \/>\n<\/fieldset>\n<p><span class=\"wpcf7-form-control-wrap\" data-name=\"your-name\"><input size=\"40\" maxlength=\"400\" class=\"wpcf7-form-control wpcf7-text wpcf7-validates-as-required\" aria-required=\"true\" aria-invalid=\"false\" placeholder=\"Nom &amp; Pr\u00e9nom *\" value=\"\" type=\"text\" name=\"your-name\" \/><\/span><br \/>\n<span class=\"wpcf7-form-control-wrap\" data-name=\"your-email\"><input size=\"40\" maxlength=\"400\" class=\"wpcf7-form-control wpcf7-email wpcf7-validates-as-required wpcf7-text wpcf7-validates-as-email\" aria-required=\"true\" aria-invalid=\"false\" placeholder=\"E-mail *\" value=\"\" type=\"email\" name=\"your-email\" \/><\/span><br \/>\n<span class=\"wpcf7-form-control-wrap\" data-name=\"tel\"><input size=\"40\" maxlength=\"400\" class=\"wpcf7-form-control wpcf7-tel wpcf7-validates-as-required wpcf7-text wpcf7-validates-as-tel\" aria-required=\"true\" aria-invalid=\"false\" placeholder=\"T\u00e9l\u00e9phone *\" value=\"\" type=\"tel\" name=\"tel\" \/><\/span><br \/>\n<span class=\"wpcf7-form-control-wrap\" data-name=\"event\"><input size=\"40\" maxlength=\"400\" class=\"wpcf7-form-control wpcf7-text wpcf7-validates-as-required\" aria-required=\"true\" aria-invalid=\"false\" placeholder=\"Type d&#039;\u00e9v\u00e9nement *\" value=\"\" type=\"text\" name=\"event\" \/><\/span><br \/>\n<span class=\"wpcf7-form-control-wrap\" data-name=\"date-event\"><input size=\"40\" maxlength=\"400\" class=\"wpcf7-form-control wpcf7-text wpcf7-validates-as-required\" aria-required=\"true\" aria-invalid=\"false\" placeholder=\"Date de l&#039;\u00e9v\u00e8nement *\" value=\"\" type=\"text\" name=\"date-event\" \/><\/span><br \/>\n<span class=\"wpcf7-form-control-wrap\" data-name=\"horaire-event\"><input size=\"40\" maxlength=\"400\" class=\"wpcf7-form-control wpcf7-text wpcf7-validates-as-required\" aria-required=\"true\" aria-invalid=\"false\" placeholder=\"Horaires de l&#039;\u00e9v\u00e8nement *\" value=\"\" type=\"text\" name=\"horaire-event\" \/><\/span><br \/>\n<span class=\"wpcf7-form-control-wrap\" data-name=\"lieux-event\"><input size=\"40\" maxlength=\"400\" class=\"wpcf7-form-control wpcf7-text wpcf7-validates-as-required\" aria-required=\"true\" aria-invalid=\"false\" placeholder=\"Lieux *\" value=\"\" type=\"text\" name=\"lieux-event\" \/><\/span><br \/>\n<span class=\"wpcf7-form-control-wrap\" data-name=\"nb-pax\"><input size=\"40\" maxlength=\"400\" class=\"wpcf7-form-control wpcf7-text wpcf7-validates-as-required\" aria-required=\"true\" aria-invalid=\"false\" placeholder=\"Nombre de personnes *\" value=\"\" type=\"text\" name=\"nb-pax\" \/><\/span><br \/>\n<span class=\"wpcf7-form-control-wrap\" data-name=\"commentaires\"><textarea cols=\"40\" rows=\"10\" maxlength=\"2000\" class=\"wpcf7-form-control wpcf7-textarea\" aria-invalid=\"false\" placeholder=\"Commentaires\" name=\"commentaires\"><\/textarea><\/span>\n<\/p>\n<p><input class=\"wpcf7-form-control wpcf7-submit has-spinner\" type=\"submit\" value=\"Envoyer\" \/>\n<\/p><div class=\"wpcf7-response-output\" aria-hidden=\"true\"><\/div>\n<\/form>\n<\/div>\n[\/et_pb_code][\/et_pb_column][et_pb_column type=\u00a0\u00bb1_4&Prime; _builder_version=\u00a0\u00bb4.14.7&Prime; _module_preset=\u00a0\u00bbdefault\u00a0\u00bb custom_padding=\u00a0\u00bb50px||50px|50px|false|false\u00a0\u00bb custom_padding_tablet=\u00a0\u00bb50px|50px|50px|0px|false|false\u00a0\u00bb custom_padding_phone=\u00a0\u00bb50px|0px|50px|0px|false|true\u00a0\u00bb custom_padding_last_edited=\u00a0\u00bbon|phone\u00a0\u00bb global_colors_info=\u00a0\u00bb{}\u00a0\u00bb][\/et_pb_column][\/et_pb_row][\/et_pb_section]<\/p>\n","protected":false},"excerpt":{"rendered":"<p>ContactADRESSE 2 quai de Rive Neuve13001 Marseille &nbsp; EMAIL contact@protocole-agency.com &nbsp; T\u00c9L\u00c9PHONE Thalie Testot-Ferry : +33 (0)6 19 44 10 94 Florian Rousse : +33 (0)6 51 39 22 63 Mattis Merdy : +33 (0)6 98 20 52 71facebookinstagramlinkedin\n<div class=\"wpcf7 no-js\" id=\"wpcf7-f411-o2\" lang=\"fr-FR\" dir=\"ltr\" data-wpcf7-id=\"411\">\n<div class=\"screen-reader-response\"><p role=\"status\" aria-live=\"polite\" aria-atomic=\"true\"><\/p> <ul><\/ul><\/div>\n<form action=\"\/en\/wp-json\/wp\/v2\/pages\/407#wpcf7-f411-o2\" method=\"post\" class=\"wpcf7-form init\" aria-label=\"Formulaire de contact\" novalidate=\"novalidate\" data-status=\"init\" data-trp-original-action=\"\/en\/wp-json\/wp\/v2\/pages\/407#wpcf7-f411-o2\">\n<fieldset class=\"hidden-fields-container\"><input type=\"hidden\" name=\"_wpcf7\" value=\"411\" \/><input type=\"hidden\" name=\"_wpcf7_version\" value=\"6.1.5\" \/><input type=\"hidden\" name=\"_wpcf7_locale\" value=\"fr_FR\" \/><input type=\"hidden\" name=\"_wpcf7_unit_tag\" value=\"wpcf7-f411-o2\" \/><input type=\"hidden\" name=\"_wpcf7_container_post\" value=\"0\" \/><input type=\"hidden\" name=\"_wpcf7_posted_data_hash\" value=\"\" \/><input type=\"hidden\" name=\"_wpcf7_recaptcha_response\" value=\"\" \/>\n<\/fieldset>\n<p><span class=\"wpcf7-form-control-wrap\" data-name=\"your-name\"><input size=\"40\" maxlength=\"400\" class=\"wpcf7-form-control wpcf7-text wpcf7-validates-as-required\" aria-required=\"true\" aria-invalid=\"false\" placeholder=\"Name *\" value=\"\" type=\"text\" name=\"your-name\" \/><\/span><br \/>\n<span class=\"wpcf7-form-control-wrap\" data-name=\"your-email\"><input size=\"40\" maxlength=\"400\" class=\"wpcf7-form-control wpcf7-email wpcf7-validates-as-required wpcf7-text wpcf7-validates-as-email\" aria-required=\"true\" aria-invalid=\"false\" placeholder=\"Email *\" value=\"\" type=\"email\" name=\"your-email\" \/><\/span><br \/>\n<span class=\"wpcf7-form-control-wrap\" data-name=\"tel\"><input size=\"40\" maxlength=\"400\" class=\"wpcf7-form-control wpcf7-tel wpcf7-validates-as-required wpcf7-text wpcf7-validates-as-tel\" aria-required=\"true\" aria-invalid=\"false\" placeholder=\"Phone *\" value=\"\" type=\"tel\" name=\"tel\" \/><\/span><br \/>\n<span class=\"wpcf7-form-control-wrap\" data-name=\"event\"><input size=\"40\" maxlength=\"400\" class=\"wpcf7-form-control wpcf7-text wpcf7-validates-as-required\" aria-required=\"true\" aria-invalid=\"false\" placeholder=\"Type d&#039;\u00e9v\u00e9nement *\" value=\"\" type=\"text\" name=\"event\" \/><\/span><br \/>\n<span class=\"wpcf7-form-control-wrap\" data-name=\"date-event\"><input size=\"40\" maxlength=\"400\" class=\"wpcf7-form-control wpcf7-text wpcf7-validates-as-required\" aria-required=\"true\" aria-invalid=\"false\" placeholder=\"Event date *\" value=\"\" type=\"text\" name=\"date-event\" \/><\/span><br \/>\n<span class=\"wpcf7-form-control-wrap\" data-name=\"horaire-event\"><input size=\"40\" maxlength=\"400\" class=\"wpcf7-form-control wpcf7-text wpcf7-validates-as-required\" aria-required=\"true\" aria-invalid=\"false\" placeholder=\"Horaires de l&#039;\u00e9v\u00e8nement *\" value=\"\" type=\"text\" name=\"horaire-event\" \/><\/span><br \/>\n<span class=\"wpcf7-form-control-wrap\" data-name=\"lieux-event\"><input size=\"40\" maxlength=\"400\" class=\"wpcf7-form-control wpcf7-text wpcf7-validates-as-required\" aria-required=\"true\" aria-invalid=\"false\" placeholder=\"Places *\" value=\"\" type=\"text\" name=\"lieux-event\" \/><\/span><br \/>\n<span class=\"wpcf7-form-control-wrap\" data-name=\"nb-pax\"><input size=\"40\" maxlength=\"400\" class=\"wpcf7-form-control wpcf7-text wpcf7-validates-as-required\" aria-required=\"true\" aria-invalid=\"false\" placeholder=\"Number of people *\" value=\"\" type=\"text\" name=\"nb-pax\" \/><\/span><br \/>\n<span class=\"wpcf7-form-control-wrap\" data-name=\"commentaires\"><textarea cols=\"40\" rows=\"10\" maxlength=\"2000\" class=\"wpcf7-form-control wpcf7-textarea\" aria-invalid=\"false\" placeholder=\"Commentaires\" name=\"commentaires\"><\/textarea><\/span>\n<\/p>\n<p><input class=\"wpcf7-form-control wpcf7-submit has-spinner\" type=\"submit\" value=\"Send\" \/>\n<\/p><div class=\"wpcf7-response-output\" aria-hidden=\"true\"><\/div>\n<input type=\"hidden\" name=\"trp-form-language\" value=\"en\"\/><\/form>\n<\/div>\n<\/p>","protected":false},"author":1,"featured_media":0,"parent":0,"menu_order":0,"comment_status":"closed","ping_status":"closed","template":"","meta":{"_et_pb_use_builder":"on","_et_pb_old_content":"","_et_gb_content_width":"","_monsterinsights_skip_tracking":false,"_monsterinsights_sitenote_active":false,"_monsterinsights_sitenote_note":"","_monsterinsights_sitenote_category":0,"footnotes":""},"class_list":["post-407","page","type-page","status-publish","hentry"],"acf":[],"yoast_head":"<!-- This site is optimized with the Yoast SEO plugin v27.3 - https:\/\/yoast.com\/product\/yoast-seo-wordpress\/ -->\n<title>Agence \u00e9v\u00e8nementielle Marseille - Contact Protocole Agency<\/title>\n<meta name=\"description\" content=\"Contactez par Email ou t\u00e9l\u00e9phone l&#039;agence \u00e9v\u00e8nementielle Protocole Agency situ\u00e9e \u00e0 Marseille. Organisation d&#039;\u00e9v\u00e8nements dans le sud.\" \/>\n<meta name=\"robots\" content=\"index, follow, max-snippet:-1, max-image-preview:large, max-video-preview:-1\" \/>\n<link rel=\"canonical\" href=\"https:\/\/protocole-agency.com\/en\/contact\/\" \/>\n<meta property=\"og:locale\" content=\"en_GB\" \/>\n<meta property=\"og:type\" content=\"article\" \/>\n<meta property=\"og:title\" content=\"Agence \u00e9v\u00e8nementielle Marseille - Contact Protocole Agency\" \/>\n<meta property=\"og:description\" content=\"Contactez par Email ou t\u00e9l\u00e9phone l&#039;agence \u00e9v\u00e8nementielle Protocole Agency situ\u00e9e \u00e0 Marseille. Organisation d&#039;\u00e9v\u00e8nements dans le sud.\" \/>\n<meta property=\"og:url\" content=\"https:\/\/protocole-agency.com\/en\/contact\/\" \/>\n<meta property=\"og:site_name\" content=\"Protocole Agency\" \/>\n<meta property=\"article:modified_time\" content=\"2025-10-21T12:12:42+00:00\" \/>\n<meta name=\"twitter:card\" content=\"summary_large_image\" \/>\n<meta name=\"twitter:label1\" content=\"Estimated reading time\" \/>\n\t<meta name=\"twitter:data1\" content=\"1 minute\" \/>\n<script type=\"application\/ld+json\" class=\"yoast-schema-graph\">{\"@context\":\"https:\\\/\\\/schema.org\",\"@graph\":[{\"@type\":\"WebPage\",\"@id\":\"https:\\\/\\\/protocole-agency.com\\\/contact\\\/\",\"url\":\"https:\\\/\\\/protocole-agency.com\\\/contact\\\/\",\"name\":\"Agence \u00e9v\u00e8nementielle Marseille - Contact Protocole Agency\",\"isPartOf\":{\"@id\":\"https:\\\/\\\/protocole-agency.com\\\/#website\"},\"datePublished\":\"2022-02-04T14:42:50+00:00\",\"dateModified\":\"2025-10-21T12:12:42+00:00\",\"description\":\"Contactez par Email ou t\u00e9l\u00e9phone l'agence \u00e9v\u00e8nementielle Protocole Agency situ\u00e9e \u00e0 Marseille. Organisation d'\u00e9v\u00e8nements dans le sud.\",\"breadcrumb\":{\"@id\":\"https:\\\/\\\/protocole-agency.com\\\/contact\\\/#breadcrumb\"},\"inLanguage\":\"en-GB\",\"potentialAction\":[{\"@type\":\"ReadAction\",\"target\":[\"https:\\\/\\\/protocole-agency.com\\\/contact\\\/\"]}]},{\"@type\":\"BreadcrumbList\",\"@id\":\"https:\\\/\\\/protocole-agency.com\\\/contact\\\/#breadcrumb\",\"itemListElement\":[{\"@type\":\"ListItem\",\"position\":1,\"name\":\"Accueil\",\"item\":\"https:\\\/\\\/protocole-agency.com\\\/\"},{\"@type\":\"ListItem\",\"position\":2,\"name\":\"Contact\"}]},{\"@type\":\"WebSite\",\"@id\":\"https:\\\/\\\/protocole-agency.com\\\/#website\",\"url\":\"https:\\\/\\\/protocole-agency.com\\\/\",\"name\":\"Protocole Agency\",\"description\":\"Agence d&#039;\u00e9v\u00e9nements protocolaires et de prestige\",\"publisher\":{\"@id\":\"https:\\\/\\\/protocole-agency.com\\\/#organization\"},\"potentialAction\":[{\"@type\":\"SearchAction\",\"target\":{\"@type\":\"EntryPoint\",\"urlTemplate\":\"https:\\\/\\\/protocole-agency.com\\\/?s={search_term_string}\"},\"query-input\":{\"@type\":\"PropertyValueSpecification\",\"valueRequired\":true,\"valueName\":\"search_term_string\"}}],\"inLanguage\":\"en-GB\"},{\"@type\":\"Organization\",\"@id\":\"https:\\\/\\\/protocole-agency.com\\\/#organization\",\"name\":\"Protocole Agency\",\"url\":\"https:\\\/\\\/protocole-agency.com\\\/\",\"logo\":{\"@type\":\"ImageObject\",\"inLanguage\":\"en-GB\",\"@id\":\"https:\\\/\\\/protocole-agency.com\\\/#\\\/schema\\\/logo\\\/image\\\/\",\"url\":\"https:\\\/\\\/protocole-agency.com\\\/wp-content\\\/uploads\\\/2022\\\/02\\\/protocole-agency.svg\",\"contentUrl\":\"https:\\\/\\\/protocole-agency.com\\\/wp-content\\\/uploads\\\/2022\\\/02\\\/protocole-agency.svg\",\"width\":1,\"height\":1,\"caption\":\"Protocole Agency\"},\"image\":{\"@id\":\"https:\\\/\\\/protocole-agency.com\\\/#\\\/schema\\\/logo\\\/image\\\/\"}}]}<\/script>\n<!-- \/ Yoast SEO plugin. -->","yoast_head_json":{"title":"Agence \u00e9v\u00e8nementielle Marseille - Contact Protocole Agency","description":"Contactez par Email ou t\u00e9l\u00e9phone l'agence \u00e9v\u00e8nementielle Protocole Agency situ\u00e9e \u00e0 Marseille. Organisation d'\u00e9v\u00e8nements dans le sud.","robots":{"index":"index","follow":"follow","max-snippet":"max-snippet:-1","max-image-preview":"max-image-preview:large","max-video-preview":"max-video-preview:-1"},"canonical":"https:\/\/protocole-agency.com\/en\/contact\/","og_locale":"en_GB","og_type":"article","og_title":"Agence \u00e9v\u00e8nementielle Marseille - Contact Protocole Agency","og_description":"Contactez par Email ou t\u00e9l\u00e9phone l'agence \u00e9v\u00e8nementielle Protocole Agency situ\u00e9e \u00e0 Marseille. Organisation d'\u00e9v\u00e8nements dans le sud.","og_url":"https:\/\/protocole-agency.com\/en\/contact\/","og_site_name":"Protocole Agency","article_modified_time":"2025-10-21T12:12:42+00:00","twitter_card":"summary_large_image","twitter_misc":{"Estimated reading time":"1 minute"},"schema":{"@context":"https:\/\/schema.org","@graph":[{"@type":"WebPage","@id":"https:\/\/protocole-agency.com\/contact\/","url":"https:\/\/protocole-agency.com\/contact\/","name":"Agence \u00e9v\u00e8nementielle Marseille - Contact Protocole Agency","isPartOf":{"@id":"https:\/\/protocole-agency.com\/#website"},"datePublished":"2022-02-04T14:42:50+00:00","dateModified":"2025-10-21T12:12:42+00:00","description":"Contactez par Email ou t\u00e9l\u00e9phone l'agence \u00e9v\u00e8nementielle Protocole Agency situ\u00e9e \u00e0 Marseille. Organisation d'\u00e9v\u00e8nements dans le sud.","breadcrumb":{"@id":"https:\/\/protocole-agency.com\/contact\/#breadcrumb"},"inLanguage":"en-GB","potentialAction":[{"@type":"ReadAction","target":["https:\/\/protocole-agency.com\/contact\/"]}]},{"@type":"BreadcrumbList","@id":"https:\/\/protocole-agency.com\/contact\/#breadcrumb","itemListElement":[{"@type":"ListItem","position":1,"name":"Accueil","item":"https:\/\/protocole-agency.com\/"},{"@type":"ListItem","position":2,"name":"Contact"}]},{"@type":"WebSite","@id":"https:\/\/protocole-agency.com\/#website","url":"https:\/\/protocole-agency.com\/","name":"Protocole Agency","description":"Agence d&#039;\u00e9v\u00e9nements protocolaires et de prestige","publisher":{"@id":"https:\/\/protocole-agency.com\/#organization"},"potentialAction":[{"@type":"SearchAction","target":{"@type":"EntryPoint","urlTemplate":"https:\/\/protocole-agency.com\/?s={search_term_string}"},"query-input":{"@type":"PropertyValueSpecification","valueRequired":true,"valueName":"search_term_string"}}],"inLanguage":"en-GB"},{"@type":"Organization","@id":"https:\/\/protocole-agency.com\/#organization","name":"Protocole Agency","url":"https:\/\/protocole-agency.com\/","logo":{"@type":"ImageObject","inLanguage":"en-GB","@id":"https:\/\/protocole-agency.com\/#\/schema\/logo\/image\/","url":"https:\/\/protocole-agency.com\/wp-content\/uploads\/2022\/02\/protocole-agency.svg","contentUrl":"https:\/\/protocole-agency.com\/wp-content\/uploads\/2022\/02\/protocole-agency.svg","width":1,"height":1,"caption":"Protocole Agency"},"image":{"@id":"https:\/\/protocole-agency.com\/#\/schema\/logo\/image\/"}}]}},"_links":{"self":[{"href":"https:\/\/protocole-agency.com\/en\/wp-json\/wp\/v2\/pages\/407","targetHints":{"allow":["GET"]}}],"collection":[{"href":"https:\/\/protocole-agency.com\/en\/wp-json\/wp\/v2\/pages"}],"about":[{"href":"https:\/\/protocole-agency.com\/en\/wp-json\/wp\/v2\/types\/page"}],"author":[{"embeddable":true,"href":"https:\/\/protocole-agency.com\/en\/wp-json\/wp\/v2\/users\/1"}],"replies":[{"embeddable":true,"href":"https:\/\/protocole-agency.com\/en\/wp-json\/wp\/v2\/comments?post=407"}],"version-history":[{"count":22,"href":"https:\/\/protocole-agency.com\/en\/wp-json\/wp\/v2\/pages\/407\/revisions"}],"predecessor-version":[{"id":3054,"href":"https:\/\/protocole-agency.com\/en\/wp-json\/wp\/v2\/pages\/407\/revisions\/3054"}],"wp:attachment":[{"href":"https:\/\/protocole-agency.com\/en\/wp-json\/wp\/v2\/media?parent=407"}],"curies":[{"name":"wp","href":"https:\/\/api.w.org\/{rel}","templated":true}]}}