{"id":598,"date":"2022-02-12T11:12:17","date_gmt":"2022-02-12T10:12:17","guid":{"rendered":"https:\/\/protocole-agency.com\/?page_id=598"},"modified":"2026-03-03T15:56:11","modified_gmt":"2026-03-03T14:56:11","slug":"galerie-photos-agence-evenementielle-protocole-agency","status":"publish","type":"page","link":"https:\/\/protocole-agency.com\/en\/galerie-photos-agence-evenementielle-protocole-agency\/","title":{"rendered":"Gallery"},"content":{"rendered":"<p>[et_pb_section fb_built=\u00a0\u00bb1&Prime; admin_label=\u00a0\u00bbsection\u00a0\u00bb _builder_version=\u00a0\u00bb3.22&Prime; global_colors_info=\u00a0\u00bb{}\u00a0\u00bb][et_pb_row admin_label=\u00a0\u00bbrow\u00a0\u00bb _builder_version=\u00a0\u00bb4.14.7&Prime; background_size=\u00a0\u00bbinitial\u00a0\u00bb background_position=\u00a0\u00bbtop_left\u00a0\u00bb background_repeat=\u00a0\u00bbrepeat\u00a0\u00bb hover_enabled=\u00a0\u00bb0&Prime; global_colors_info=\u00a0\u00bb{}\u00a0\u00bb sticky_enabled=\u00a0\u00bb0&Prime;][et_pb_column type=\u00a0\u00bb4_4&Prime; _builder_version=\u00a0\u00bb3.25&Prime; custom_padding=\u00a0\u00bb|||\u00a0\u00bb global_colors_info=\u00a0\u00bb{}\u00a0\u00bb custom_padding__hover=\u00a0\u00bb|||\u00a0\u00bb][et_pb_code module_id=\u00a0\u00bbmin-haut\u00a0\u00bb _builder_version=\u00a0\u00bb4.14.7&Prime; _module_preset=\u00a0\u00bbdefault\u00a0\u00bb global_colors_info=\u00a0\u00bb{}\u00a0\u00bb]<!-- Elfsight Instagram Feed | Untitled Instagram Feed --><!-- [et_pb_line_break_holder] --><script src=\"https:\/\/elfsightcdn.com\/platform.js\" async><\/script><!-- [et_pb_line_break_holder] --><\/p>\n<div class=\"elfsight-app-45537dfd-d5f0-4316-b107-b36b9ae83a57\" data-elfsight-app-lazy><\/div>\n<p>[\/et_pb_code][\/et_pb_column][\/et_pb_row][\/et_pb_section]<\/p>\n","protected":false},"excerpt":{"rendered":"","protected":false},"author":1,"featured_media":0,"parent":0,"menu_order":0,"comment_status":"closed","ping_status":"closed","template":"","meta":{"_et_pb_use_builder":"on","_et_pb_old_content":"<!-- wp:shortcode -->\n[insta-gallery id=\"2\"]\n<!-- \/wp:shortcode -->","_et_gb_content_width":"1300","_monsterinsights_skip_tracking":false,"_monsterinsights_sitenote_active":false,"_monsterinsights_sitenote_note":"","_monsterinsights_sitenote_category":0,"footnotes":""},"class_list":["post-598","page","type-page","status-publish","hentry"],"acf":[],"yoast_head":"<!-- This site is optimized with the Yoast SEO plugin v27.4 - https:\/\/yoast.com\/product\/yoast-seo-wordpress\/ -->\n<title>Agence \u00e9v\u00e8nementielle Marseille - Galerie Photos Protocole Agency<\/title>\n<meta name=\"description\" content=\"D\u00e9couvrez la galerie photos des \u00e9v\u00e8nements organis\u00e9s par Protocole Agency, agence \u00e9v\u00e9nementielle \u00e0 Marseille.\" \/>\n<meta name=\"robots\" content=\"index, follow, max-snippet:-1, max-image-preview:large, max-video-preview:-1\" \/>\n<link rel=\"canonical\" href=\"https:\/\/protocole-agency.com\/en\/galerie-photos-agence-evenementielle-protocole-agency\/\" \/>\n<meta property=\"og:locale\" content=\"en_GB\" \/>\n<meta property=\"og:type\" content=\"article\" \/>\n<meta property=\"og:title\" content=\"Agence \u00e9v\u00e8nementielle Marseille - Galerie Photos Protocole Agency\" \/>\n<meta property=\"og:description\" content=\"D\u00e9couvrez la galerie photos des \u00e9v\u00e8nements organis\u00e9s par Protocole Agency, agence \u00e9v\u00e9nementielle \u00e0 Marseille.\" \/>\n<meta property=\"og:url\" content=\"https:\/\/protocole-agency.com\/en\/galerie-photos-agence-evenementielle-protocole-agency\/\" \/>\n<meta property=\"og:site_name\" content=\"Protocole Agency\" \/>\n<meta property=\"article:modified_time\" content=\"2026-03-03T14:56:11+00:00\" \/>\n<meta name=\"twitter:card\" content=\"summary_large_image\" \/>\n<meta name=\"twitter:label1\" content=\"Estimated reading time\" \/>\n\t<meta name=\"twitter:data1\" content=\"1 minute\" \/>\n<script type=\"application\/ld+json\" class=\"yoast-schema-graph\">{\"@context\":\"https:\\\/\\\/schema.org\",\"@graph\":[{\"@type\":\"WebPage\",\"@id\":\"https:\\\/\\\/protocole-agency.com\\\/galerie-photos-agence-evenementielle-protocole-agency\\\/\",\"url\":\"https:\\\/\\\/protocole-agency.com\\\/galerie-photos-agence-evenementielle-protocole-agency\\\/\",\"name\":\"Agence \u00e9v\u00e8nementielle Marseille - Galerie Photos Protocole Agency\",\"isPartOf\":{\"@id\":\"https:\\\/\\\/protocole-agency.com\\\/#website\"},\"datePublished\":\"2022-02-12T10:12:17+00:00\",\"dateModified\":\"2026-03-03T14:56:11+00:00\",\"description\":\"D\u00e9couvrez la galerie photos des \u00e9v\u00e8nements organis\u00e9s par Protocole Agency, agence \u00e9v\u00e9nementielle \u00e0 Marseille.\",\"breadcrumb\":{\"@id\":\"https:\\\/\\\/protocole-agency.com\\\/galerie-photos-agence-evenementielle-protocole-agency\\\/#breadcrumb\"},\"inLanguage\":\"en-GB\",\"potentialAction\":[{\"@type\":\"ReadAction\",\"target\":[\"https:\\\/\\\/protocole-agency.com\\\/galerie-photos-agence-evenementielle-protocole-agency\\\/\"]}]},{\"@type\":\"BreadcrumbList\",\"@id\":\"https:\\\/\\\/protocole-agency.com\\\/galerie-photos-agence-evenementielle-protocole-agency\\\/#breadcrumb\",\"itemListElement\":[{\"@type\":\"ListItem\",\"position\":1,\"name\":\"Accueil\",\"item\":\"https:\\\/\\\/protocole-agency.com\\\/\"},{\"@type\":\"ListItem\",\"position\":2,\"name\":\"Galerie\"}]},{\"@type\":\"WebSite\",\"@id\":\"https:\\\/\\\/protocole-agency.com\\\/#website\",\"url\":\"https:\\\/\\\/protocole-agency.com\\\/\",\"name\":\"Protocole Agency\",\"description\":\"Agence d&#039;\u00e9v\u00e9nements protocolaires et de prestige\",\"publisher\":{\"@id\":\"https:\\\/\\\/protocole-agency.com\\\/#organization\"},\"potentialAction\":[{\"@type\":\"SearchAction\",\"target\":{\"@type\":\"EntryPoint\",\"urlTemplate\":\"https:\\\/\\\/protocole-agency.com\\\/?s={search_term_string}\"},\"query-input\":{\"@type\":\"PropertyValueSpecification\",\"valueRequired\":true,\"valueName\":\"search_term_string\"}}],\"inLanguage\":\"en-GB\"},{\"@type\":\"Organization\",\"@id\":\"https:\\\/\\\/protocole-agency.com\\\/#organization\",\"name\":\"Protocole Agency\",\"url\":\"https:\\\/\\\/protocole-agency.com\\\/\",\"logo\":{\"@type\":\"ImageObject\",\"inLanguage\":\"en-GB\",\"@id\":\"https:\\\/\\\/protocole-agency.com\\\/#\\\/schema\\\/logo\\\/image\\\/\",\"url\":\"https:\\\/\\\/protocole-agency.com\\\/wp-content\\\/uploads\\\/2022\\\/02\\\/protocole-agency.svg\",\"contentUrl\":\"https:\\\/\\\/protocole-agency.com\\\/wp-content\\\/uploads\\\/2022\\\/02\\\/protocole-agency.svg\",\"width\":1,\"height\":1,\"caption\":\"Protocole Agency\"},\"image\":{\"@id\":\"https:\\\/\\\/protocole-agency.com\\\/#\\\/schema\\\/logo\\\/image\\\/\"}}]}<\/script>\n<!-- \/ Yoast SEO plugin. -->","yoast_head_json":{"title":"Agence \u00e9v\u00e8nementielle Marseille - Galerie Photos Protocole Agency","description":"D\u00e9couvrez la galerie photos des \u00e9v\u00e8nements organis\u00e9s par Protocole Agency, agence \u00e9v\u00e9nementielle \u00e0 Marseille.","robots":{"index":"index","follow":"follow","max-snippet":"max-snippet:-1","max-image-preview":"max-image-preview:large","max-video-preview":"max-video-preview:-1"},"canonical":"https:\/\/protocole-agency.com\/en\/galerie-photos-agence-evenementielle-protocole-agency\/","og_locale":"en_GB","og_type":"article","og_title":"Agence \u00e9v\u00e8nementielle Marseille - Galerie Photos Protocole Agency","og_description":"D\u00e9couvrez la galerie photos des \u00e9v\u00e8nements organis\u00e9s par Protocole Agency, agence \u00e9v\u00e9nementielle \u00e0 Marseille.","og_url":"https:\/\/protocole-agency.com\/en\/galerie-photos-agence-evenementielle-protocole-agency\/","og_site_name":"Protocole Agency","article_modified_time":"2026-03-03T14:56:11+00:00","twitter_card":"summary_large_image","twitter_misc":{"Estimated reading time":"1 minute"},"schema":{"@context":"https:\/\/schema.org","@graph":[{"@type":"WebPage","@id":"https:\/\/protocole-agency.com\/galerie-photos-agence-evenementielle-protocole-agency\/","url":"https:\/\/protocole-agency.com\/galerie-photos-agence-evenementielle-protocole-agency\/","name":"Agence \u00e9v\u00e8nementielle Marseille - Galerie Photos Protocole Agency","isPartOf":{"@id":"https:\/\/protocole-agency.com\/#website"},"datePublished":"2022-02-12T10:12:17+00:00","dateModified":"2026-03-03T14:56:11+00:00","description":"D\u00e9couvrez la galerie photos des \u00e9v\u00e8nements organis\u00e9s par Protocole Agency, agence \u00e9v\u00e9nementielle \u00e0 Marseille.","breadcrumb":{"@id":"https:\/\/protocole-agency.com\/galerie-photos-agence-evenementielle-protocole-agency\/#breadcrumb"},"inLanguage":"en-GB","potentialAction":[{"@type":"ReadAction","target":["https:\/\/protocole-agency.com\/galerie-photos-agence-evenementielle-protocole-agency\/"]}]},{"@type":"BreadcrumbList","@id":"https:\/\/protocole-agency.com\/galerie-photos-agence-evenementielle-protocole-agency\/#breadcrumb","itemListElement":[{"@type":"ListItem","position":1,"name":"Accueil","item":"https:\/\/protocole-agency.com\/"},{"@type":"ListItem","position":2,"name":"Galerie"}]},{"@type":"WebSite","@id":"https:\/\/protocole-agency.com\/#website","url":"https:\/\/protocole-agency.com\/","name":"Protocole Agency","description":"Agence d&#039;\u00e9v\u00e9nements protocolaires et de prestige","publisher":{"@id":"https:\/\/protocole-agency.com\/#organization"},"potentialAction":[{"@type":"SearchAction","target":{"@type":"EntryPoint","urlTemplate":"https:\/\/protocole-agency.com\/?s={search_term_string}"},"query-input":{"@type":"PropertyValueSpecification","valueRequired":true,"valueName":"search_term_string"}}],"inLanguage":"en-GB"},{"@type":"Organization","@id":"https:\/\/protocole-agency.com\/#organization","name":"Protocole Agency","url":"https:\/\/protocole-agency.com\/","logo":{"@type":"ImageObject","inLanguage":"en-GB","@id":"https:\/\/protocole-agency.com\/#\/schema\/logo\/image\/","url":"https:\/\/protocole-agency.com\/wp-content\/uploads\/2022\/02\/protocole-agency.svg","contentUrl":"https:\/\/protocole-agency.com\/wp-content\/uploads\/2022\/02\/protocole-agency.svg","width":1,"height":1,"caption":"Protocole Agency"},"image":{"@id":"https:\/\/protocole-agency.com\/#\/schema\/logo\/image\/"}}]}},"_links":{"self":[{"href":"https:\/\/protocole-agency.com\/en\/wp-json\/wp\/v2\/pages\/598","targetHints":{"allow":["GET"]}}],"collection":[{"href":"https:\/\/protocole-agency.com\/en\/wp-json\/wp\/v2\/pages"}],"about":[{"href":"https:\/\/protocole-agency.com\/en\/wp-json\/wp\/v2\/types\/page"}],"author":[{"embeddable":true,"href":"https:\/\/protocole-agency.com\/en\/wp-json\/wp\/v2\/users\/1"}],"replies":[{"embeddable":true,"href":"https:\/\/protocole-agency.com\/en\/wp-json\/wp\/v2\/comments?post=598"}],"version-history":[{"count":11,"href":"https:\/\/protocole-agency.com\/en\/wp-json\/wp\/v2\/pages\/598\/revisions"}],"predecessor-version":[{"id":3211,"href":"https:\/\/protocole-agency.com\/en\/wp-json\/wp\/v2\/pages\/598\/revisions\/3211"}],"wp:attachment":[{"href":"https:\/\/protocole-agency.com\/en\/wp-json\/wp\/v2\/media?parent=598"}],"curies":[{"name":"wp","href":"https:\/\/api.w.org\/{rel}","templated":true}]}}