{"id":941,"date":"2023-06-08T18:10:28","date_gmt":"2023-06-08T16:10:28","guid":{"rendered":"https:\/\/protocole-agency.com\/?page_id=941"},"modified":"2026-03-06T08:53:34","modified_gmt":"2026-03-06T07:53:34","slug":"notre-histoire","status":"publish","type":"page","link":"https:\/\/protocole-agency.com\/en\/notre-histoire\/","title":{"rendered":"Notre histoire"},"content":{"rendered":"<p>[et_pb_section fb_built=\u00a0\u00bb1&Prime; _builder_version=\u00a0\u00bb4.14.7&Prime; _module_preset=\u00a0\u00bbdefault\u00a0\u00bb custom_margin=\u00a0\u00bb0px||50px||false|false\u00a0\u00bb custom_margin_tablet=\u00a0\u00bb0px||50px||false|false\u00a0\u00bb custom_margin_phone=\u00a0\u00bb0px||0px||false|false\u00a0\u00bb custom_margin_last_edited=\u00a0\u00bbon|phone\u00a0\u00bb global_colors_info=\u00a0\u00bb{}\u00a0\u00bb][et_pb_row column_structure=\u00a0\u00bb3_5,2_5&Prime; use_custom_gutter=\u00a0\u00bbon\u00a0\u00bb gutter_width=\u00a0\u00bb1&Prime; _builder_version=\u00a0\u00bb4.14.7&Prime; _module_preset=\u00a0\u00bbdefault\u00a0\u00bb custom_margin=\u00a0\u00bb0px||0px||false|false\u00a0\u00bb custom_padding=\u00a0\u00bb0px||0px||false|false\u00a0\u00bb locked=\u00a0\u00bboff\u00a0\u00bb global_colors_info=\u00a0\u00bb{}\u00a0\u00bb][et_pb_column type=\u00a0\u00bb3_5&Prime; _builder_version=\u00a0\u00bb4.14.7&Prime; _module_preset=\u00a0\u00bbdefault\u00a0\u00bb background_image=\u00a0\u00bbhttps:\/\/protocole-agency.com\/wp-content\/uploads\/2023\/06\/Protocole.jpg\u00a0\u00bb global_colors_info=\u00a0\u00bb{}\u00a0\u00bb][et_pb_divider show_divider=\u00a0\u00bboff\u00a0\u00bb _builder_version=\u00a0\u00bb4.14.7&Prime; _module_preset=\u00a0\u00bbdefault\u00a0\u00bb height=\u00a0\u00bb300px\u00a0\u00bb locked=\u00a0\u00bboff\u00a0\u00bb global_colors_info=\u00a0\u00bb{}\u00a0\u00bb][\/et_pb_divider][\/et_pb_column][et_pb_column type=\u00a0\u00bb2_5&Prime; _builder_version=\u00a0\u00bb4.14.7&Prime; _module_preset=\u00a0\u00bbdefault\u00a0\u00bb custom_padding=\u00a0\u00bb50px||50px|50px|false|false\u00a0\u00bb custom_padding_tablet=\u00a0\u00bb50px|50px|50px|0px|false|false\u00a0\u00bb custom_padding_phone=\u00a0\u00bb50px|0px|50px|0px|false|true\u00a0\u00bb custom_padding_last_edited=\u00a0\u00bbon|phone\u00a0\u00bb global_colors_info=\u00a0\u00bb{}\u00a0\u00bb][et_pb_text module_class=\u00a0\u00bbtitle_ligne\u00a0\u00bb _builder_version=\u00a0\u00bb4.14.7&Prime; _module_preset=\u00a0\u00bbdefault\u00a0\u00bb header_4_font=\u00a0\u00bb||||||||\u00a0\u00bb header_4_font_size=\u00a0\u00bb18px\u00a0\u00bb custom_margin=\u00a0\u00bb||50px||false|false\u00a0\u00bb hover_enabled=\u00a0\u00bb0&Prime; global_colors_info=\u00a0\u00bb{}\u00a0\u00bb sticky_enabled=\u00a0\u00bb0&Prime;]<\/p>\n<h2>L&rsquo;histoire\u00a0<\/h2>\n<p>[\/et_pb_text][et_pb_text _builder_version=\u00a0\u00bb4.14.7&Prime; _module_preset=\u00a0\u00bbdefault\u00a0\u00bb header_4_font_size=\u00a0\u00bb18px\u00a0\u00bb custom_margin=\u00a0\u00bb||50px||false|false\u00a0\u00bb hover_enabled=\u00a0\u00bb0&Prime; global_colors_info=\u00a0\u00bb{}\u00a0\u00bb sticky_enabled=\u00a0\u00bb0&Prime;]<\/p>\n<h2 style=\"text-align: left;\">De l&rsquo;expertise institutionnelle \u00e0 la cr\u00e9ation de Protocole Agency \u00e0 Marseille.<\/h2>\n<h2 style=\"text-align: left;\">L&rsquo;histoire de Protocole Agency | Expertise \u00c9v\u00e9nementielle \u00e0 Marseille.<\/h2>\n<p>&nbsp;<\/p>\n<p>L\u2019histoire de Protocole Agency s\u2019inscrit dans une double culture : celle de la rigueur des institutions consulaires et celle de l&rsquo;audace entrepreneuriale. Fond\u00e9e par Thalie Testot-Ferry, l&rsquo;agence est n\u00e9e de la volont\u00e9 d&rsquo;offrir un service d&rsquo;organisation d\u2019\u00e9v\u00e9nements haut de gamme o\u00f9 la ma\u00eetrise du protocole devient un levier de r\u00e9ussite pour les entreprises et les institutions de la R\u00e9gion Sud (PACA).<\/p>\n<p>&nbsp;<\/p>\n<p>Maison Marseillaise de l\u2019\u00e9v\u00e9nement de prestige, du protocole et de l\u2019\u00e9tiquette.<\/p>\n<p>Quand le raffinement donne le ton.<\/p>\n<p>Quand l&rsquo;exceptionnel se conjugue avec les conventions.<\/p>\n<p>Quand l\u2019art de recevoir devient un art de vivre.<\/p>\n<p>&nbsp;<\/p>\n<p>N\u00e9e en 2015, Protocole Agency est empreinte des savoir-faire et savoir- \u00eatre de sa cr\u00e9atrice Thalie : l\u2019aisance de la rigueur, de la r\u00e9activit\u00e9, de l\u2019excellence, du sur-mesure et du raffinement. En prime, une affinit\u00e9 immuable pour Marseille et un talent particulier pour r\u00e9v\u00e9ler ses lieux d&rsquo;exception.<\/p>\n<p>&nbsp;<\/p>\n<p>ADN de l\u2019agence, l\u2019\u00e9v\u00e9nement protocolaire et institutionnel est pens\u00e9 comme une symphonie majestueuse o\u00f9 Thalie, telle une cheffe d\u2019orchestre, compose, dirige et accompagne ses musiciens sans fausse note et avec passion.<\/p>\n<p>[\/et_pb_text][\/et_pb_column][\/et_pb_row][\/et_pb_section][et_pb_section fb_built=\u00a0\u00bb1&Prime; _builder_version=\u00a0\u00bb4.14.7&Prime; _module_preset=\u00a0\u00bbdefault\u00a0\u00bb custom_margin=\u00a0\u00bb0px||50px||false|false\u00a0\u00bb custom_margin_tablet=\u00a0\u00bb0px||50px||false|false\u00a0\u00bb custom_margin_phone=\u00a0\u00bb0px||0px||false|false\u00a0\u00bb custom_margin_last_edited=\u00a0\u00bbon|phone\u00a0\u00bb global_colors_info=\u00a0\u00bb{}\u00a0\u00bb][et_pb_row column_structure=\u00a0\u00bb2_5,3_5&Prime; use_custom_gutter=\u00a0\u00bbon\u00a0\u00bb gutter_width=\u00a0\u00bb1&Prime; disabled_on=\u00a0\u00bbon|on|off\u00a0\u00bb _builder_version=\u00a0\u00bb4.14.7&Prime; _module_preset=\u00a0\u00bbdefault\u00a0\u00bb custom_margin=\u00a0\u00bb0px||0px||false|false\u00a0\u00bb custom_padding=\u00a0\u00bb0px||0px||false|false\u00a0\u00bb locked=\u00a0\u00bboff\u00a0\u00bb global_colors_info=\u00a0\u00bb{}\u00a0\u00bb][et_pb_column type=\u00a0\u00bb2_5&Prime; _builder_version=\u00a0\u00bb4.14.7&Prime; _module_preset=\u00a0\u00bbdefault\u00a0\u00bb custom_padding=\u00a0\u00bb50px|50px|50px||false|false\u00a0\u00bb custom_padding_tablet=\u00a0\u00bb50px|50px|50px|0px|false|false\u00a0\u00bb custom_padding_phone=\u00a0\u00bb50px|0px|50px|0px|false|true\u00a0\u00bb custom_padding_last_edited=\u00a0\u00bbon|phone\u00a0\u00bb global_colors_info=\u00a0\u00bb{}\u00a0\u00bb][et_pb_text module_class=\u00a0\u00bbtitle_ligne\u00a0\u00bb _builder_version=\u00a0\u00bb4.14.7&Prime; _module_preset=\u00a0\u00bbdefault\u00a0\u00bb header_4_font=\u00a0\u00bb||||||||\u00a0\u00bb header_4_font_size=\u00a0\u00bb18px\u00a0\u00bb custom_margin=\u00a0\u00bb||50px||false|false\u00a0\u00bb global_colors_info=\u00a0\u00bb{}\u00a0\u00bb]<\/p>\n<h2>Au fil des rencontres<\/h2>\n<p>[\/et_pb_text][et_pb_text _builder_version=\u00a0\u00bb4.14.7&Prime; _module_preset=\u00a0\u00bbdefault\u00a0\u00bb header_4_font_size=\u00a0\u00bb18px\u00a0\u00bb custom_margin=\u00a0\u00bb||50px||false|false\u00a0\u00bb hover_enabled=\u00a0\u00bb0&Prime; global_colors_info=\u00a0\u00bb{}\u00a0\u00bb sticky_enabled=\u00a0\u00bb0&Prime;]<\/p>\n<p>Forte de 20 ans d&rsquo;exp\u00e9rience au sein de la Chambre de Commerce et d&rsquo;Industrie de Marseille Provence (CCIMP), Thalie a orchestr\u00e9 les \u00e9v\u00e9nements les plus prestigieux de la m\u00e9tropole. En 2015, cette expertise s&rsquo;est transform\u00e9e en une agence ind\u00e9pendante, Protocole Agency, avec pour premier client historique la CCI elle-m\u00eame. Ce lien de confiance initial t\u00e9moigne de notre savoir-faire en relations publiques et en gestion d&rsquo;\u00e9v\u00e9nements officiels.<\/p>\n<p>&nbsp;<\/p>\n<p>Un choix de cr\u00e9ation d\u2019entreprise qui s\u2019est impos\u00e9 comme une \u00e9vidence \u00e0 cette maman qui, d\u00e9sireuse d\u2019\u00eatre un exemple pour sa tribu de 3 enfants, a souhait\u00e9 leur prouver que l\u2019on peut r\u00e9aliser ses r\u00eaves d\u00e8s lors que l\u2019on croit en soi.<\/p>\n<p>D\u00e9fi r\u00e9ussi pour Thalie qui c\u00e9l\u00e8bre aujourd\u2019hui les 8 ans de l\u2019agence et partage son quotidien avec sa fille Aliz\u00e9e qui a rejoint l\u2019aventure en 2019 puis son fils Mattis en 2023.<\/p>\n<p>&nbsp;<\/p>\n<p>La famille s\u2019est encore agrandie depuis peu, avec l\u2019arriv\u00e9e de Florian et Pierre pour relever les challenges toujours plus grands et ambitieux aupr\u00e8s de clients renomm\u00e9s. Comex, Provepharm, TechnicoFlor, CCIAMP, Croix Rouge, Daher, Eight Advisory, KPMG, OM pour ne citer qu\u2019eux, sont plus que jamais des partenaires fid\u00e8les de l\u2019agence.<\/p>\n<p>&nbsp;<\/p>\n<p>Au fil des ann\u00e9es, l\u2019agence a su nourrir des collaborations de confiance et a initi\u00e9 le le d\u00e9veloppement \u00e9v\u00e9nementiel des lieux sublimes et incontournables de Marseille et ses environs : La Casa Delauze, les Salons de Camille, la Ghost Galerie et le Ch\u00e2teau Promicea.<\/p>\n<p>[\/et_pb_text][\/et_pb_column][et_pb_column type=\u00a0\u00bb3_5&Prime; _builder_version=\u00a0\u00bb4.14.7&Prime; _module_preset=\u00a0\u00bbdefault\u00a0\u00bb background_image=\u00a0\u00bbhttps:\/\/protocole-agency.com\/wp-content\/uploads\/2023\/06\/aufildesrencontre.jpg\u00a0\u00bb global_colors_info=\u00a0\u00bb{}\u00a0\u00bb][et_pb_divider show_divider=\u00a0\u00bboff\u00a0\u00bb _builder_version=\u00a0\u00bb4.14.7&Prime; _module_preset=\u00a0\u00bbdefault\u00a0\u00bb height=\u00a0\u00bb300px\u00a0\u00bb locked=\u00a0\u00bboff\u00a0\u00bb global_colors_info=\u00a0\u00bb{}\u00a0\u00bb][\/et_pb_divider][\/et_pb_column][\/et_pb_row][et_pb_row column_structure=\u00a0\u00bb3_5,2_5&Prime; use_custom_gutter=\u00a0\u00bbon\u00a0\u00bb gutter_width=\u00a0\u00bb1&Prime; disabled_on=\u00a0\u00bboff|off|on\u00a0\u00bb _builder_version=\u00a0\u00bb4.14.7&Prime; _module_preset=\u00a0\u00bbdefault\u00a0\u00bb custom_margin=\u00a0\u00bb0px||0px||false|false\u00a0\u00bb custom_padding=\u00a0\u00bb0px||0px||false|false\u00a0\u00bb locked=\u00a0\u00bboff\u00a0\u00bb global_colors_info=\u00a0\u00bb{}\u00a0\u00bb][et_pb_column type=\u00a0\u00bb3_5&Prime; _builder_version=\u00a0\u00bb4.14.7&Prime; _module_preset=\u00a0\u00bbdefault\u00a0\u00bb background_image=\u00a0\u00bbhttps:\/\/protocole-agency.com\/wp-content\/uploads\/2023\/06\/aufildesrencontre.jpg\u00a0\u00bb global_colors_info=\u00a0\u00bb{}\u00a0\u00bb][et_pb_divider show_divider=\u00a0\u00bboff\u00a0\u00bb _builder_version=\u00a0\u00bb4.14.7&Prime; _module_preset=\u00a0\u00bbdefault\u00a0\u00bb height=\u00a0\u00bb300px\u00a0\u00bb locked=\u00a0\u00bboff\u00a0\u00bb global_colors_info=\u00a0\u00bb{}\u00a0\u00bb][\/et_pb_divider][\/et_pb_column][et_pb_column type=\u00a0\u00bb2_5&Prime; _builder_version=\u00a0\u00bb4.14.7&Prime; _module_preset=\u00a0\u00bbdefault\u00a0\u00bb custom_padding=\u00a0\u00bb50px|0px|50px|50px|false|false\u00a0\u00bb custom_padding_tablet=\u00a0\u00bb50px|50px|50px|0px|false|false\u00a0\u00bb custom_padding_phone=\u00a0\u00bb50px|0px|50px|0px|false|true\u00a0\u00bb custom_padding_last_edited=\u00a0\u00bbon|phone\u00a0\u00bb global_colors_info=\u00a0\u00bb{}\u00a0\u00bb][et_pb_text module_class=\u00a0\u00bbtitle_ligne\u00a0\u00bb _builder_version=\u00a0\u00bb4.14.7&Prime; _module_preset=\u00a0\u00bbdefault\u00a0\u00bb header_4_font=\u00a0\u00bb||||||||\u00a0\u00bb header_4_font_size=\u00a0\u00bb18px\u00a0\u00bb custom_margin=\u00a0\u00bb||50px||false|false\u00a0\u00bb global_colors_info=\u00a0\u00bb{}\u00a0\u00bb]<\/p>\n<h2>Au fil des rencontres<\/h2>\n<p>[\/et_pb_text][et_pb_text _builder_version=\u00a0\u00bb4.14.7&Prime; _module_preset=\u00a0\u00bbdefault\u00a0\u00bb header_4_font_size=\u00a0\u00bb18px\u00a0\u00bb custom_margin=\u00a0\u00bb||50px||false|false\u00a0\u00bb global_colors_info=\u00a0\u00bb{}\u00a0\u00bb]<\/p>\n<p>Un choix de cr\u00e9ation d\u2019entreprise qui s\u2019est impos\u00e9 comme une \u00e9vidence \u00e0 cette maman qui, d\u00e9sireuse d\u2019\u00eatre un exemple pour sa tribu de 3 enfants, a souhait\u00e9 leur prouver que l\u2019on peut r\u00e9aliser ses r\u00eaves d\u00e8s lors que l\u2019on croit en soi.<\/p>\n<p>D\u00e9fi r\u00e9ussi pour Thalie qui c\u00e9l\u00e8bre aujourd\u2019hui les 8 ans de l\u2019agence et partage son quotidien avec sa fille Aliz\u00e9e qui a rejoint l\u2019aventure en<br \/>2019.<\/p>\n<p>&nbsp;<\/p>\n<p>La famille s\u2019est encore agrandie depuis peu, avec l\u2019arriv\u00e9e de Florian et Pierre pour relever les challenges toujours plus grands et ambitieux aupr\u00e8s de clients renomm\u00e9s. Comex, Provepharm, TechnicoFlor, CCIAMP, Croix Rouge, Daher, Eight Advisory, KPMG, OM pour ne citer qu\u2019eux, sont plus que jamais des partenaires fid\u00e8les de l\u2019agence.<\/p>\n<p>&nbsp;<\/p>\n<p>Au fil des ann\u00e9es, l\u2019agence a su nourrir des collaborations de confiance et a initi\u00e9 le le d\u00e9veloppement \u00e9v\u00e9nementiel des lieux sublimes et incontournables de Marseille et ses environs : La Casa Delauze, Les Salons de Camille, Le Ch\u00e2teau Promicea, Ch\u00e2teau des 3 Fontaines et le Ch\u00e2teau de Forbin.<\/p>\n<p>[\/et_pb_text][\/et_pb_column][\/et_pb_row][\/et_pb_section][et_pb_section fb_built=\u00a0\u00bb1&Prime; _builder_version=\u00a0\u00bb4.14.7&Prime; _module_preset=\u00a0\u00bbdefault\u00a0\u00bb global_colors_info=\u00a0\u00bb{}\u00a0\u00bb][et_pb_row column_structure=\u00a0\u00bb3_5,2_5&Prime; use_custom_gutter=\u00a0\u00bbon\u00a0\u00bb gutter_width=\u00a0\u00bb1&Prime; _builder_version=\u00a0\u00bb4.14.7&Prime; _module_preset=\u00a0\u00bbdefault\u00a0\u00bb custom_margin=\u00a0\u00bb0px||0px||false|false\u00a0\u00bb custom_padding=\u00a0\u00bb0px||0px||false|false\u00a0\u00bb locked=\u00a0\u00bboff\u00a0\u00bb global_colors_info=\u00a0\u00bb{}\u00a0\u00bb][et_pb_column type=\u00a0\u00bb3_5&Prime; _builder_version=\u00a0\u00bb4.14.7&Prime; _module_preset=\u00a0\u00bbdefault\u00a0\u00bb background_image=\u00a0\u00bbhttps:\/\/protocole-agency.com\/wp-content\/uploads\/2023\/06\/manifesto.jpg\u00a0\u00bb global_colors_info=\u00a0\u00bb{}\u00a0\u00bb][et_pb_divider show_divider=\u00a0\u00bboff\u00a0\u00bb _builder_version=\u00a0\u00bb4.14.7&Prime; _module_preset=\u00a0\u00bbdefault\u00a0\u00bb height=\u00a0\u00bb300px\u00a0\u00bb locked=\u00a0\u00bboff\u00a0\u00bb global_colors_info=\u00a0\u00bb{}\u00a0\u00bb][\/et_pb_divider][\/et_pb_column][et_pb_column type=\u00a0\u00bb2_5&Prime; _builder_version=\u00a0\u00bb4.14.7&Prime; _module_preset=\u00a0\u00bbdefault\u00a0\u00bb custom_padding=\u00a0\u00bb50px||50px|50px|false|false\u00a0\u00bb custom_padding_tablet=\u00a0\u00bb50px|50px|50px|0px|false|false\u00a0\u00bb custom_padding_phone=\u00a0\u00bb50px|0px|50px|0px|false|true\u00a0\u00bb custom_padding_last_edited=\u00a0\u00bbon|phone\u00a0\u00bb global_colors_info=\u00a0\u00bb{}\u00a0\u00bb][et_pb_text module_class=\u00a0\u00bbtitle_ligne\u00a0\u00bb _builder_version=\u00a0\u00bb4.14.7&Prime; _module_preset=\u00a0\u00bbdefault\u00a0\u00bb header_4_font=\u00a0\u00bb||||||||\u00a0\u00bb header_4_font_size=\u00a0\u00bb18px\u00a0\u00bb custom_margin=\u00a0\u00bb||50px||false|false\u00a0\u00bb global_colors_info=\u00a0\u00bb{}\u00a0\u00bb]<\/p>\n<h2>Manifesto<\/h2>\n<p>[\/et_pb_text][et_pb_text _builder_version=\u00a0\u00bb4.14.7&Prime; _module_preset=\u00a0\u00bbdefault\u00a0\u00bb header_4_font_size=\u00a0\u00bb18px\u00a0\u00bb custom_margin=\u00a0\u00bb||50px||false|false\u00a0\u00bb hover_enabled=\u00a0\u00bb0&Prime; global_colors_info=\u00a0\u00bb{}\u00a0\u00bb sticky_enabled=\u00a0\u00bb0&Prime;]<\/p>\n<p>Un art de vivre o\u00f9 plaisir et raffinement, se conjuguent avec passion aux r\u00e9ceptions et \u00e9v\u00e9nements de prestige.<\/p>\n<p>&nbsp;<\/p>\n<p>Et pour la suite, de nouvelles collaborations exclusives sont annonc\u00e9es avec un nouveau QG sur le Vieux port de Marseille, l\u00e0 o\u00f9 tout a commenc\u00e9 lors de l\u2019inauguration du Quai de Rive neuve.<\/p>\n<p>&nbsp;<\/p>\n<p>Protocole Agency continue de tracer son chemin face \u00e0 la mer, au sein du bassin marseillais. Elle invente une expression moderne des codes et des conventions avec l\u2019esprit du go\u00fbt, du voyage de la d\u00e9couverte.<\/p>\n<p>&nbsp;<\/p>\n<p>&nbsp;<\/p>\n<p><strong>Les jalons de notre agence :<\/strong><\/p>\n<p><strong>2015<\/strong> : Cr\u00e9ation de Protocole Agency par Thalie Testot-Ferry.<\/p>\n<p><strong>Expertise :<\/strong> Plus de 25 ans dans l&rsquo;organisation d&rsquo;\u00e9v\u00e9nements \u00e0 Marseille.<\/p>\n<p><strong>Sp\u00e9cialit\u00e9s :<\/strong> Protocole, logistique \u00e9v\u00e9nementielle, inauguration, d\u00eener de gala, gestion de lieux priv\u00e9s.<\/p>\n<p><em>Portefeuille :<\/em> Des lieux d&rsquo;exception sous gestion exclusive ou privil\u00e9gi\u00e9e.<\/p>\n<p>[\/et_pb_text][\/et_pb_column][\/et_pb_row][\/et_pb_section]<\/p>\n","protected":false},"excerpt":{"rendered":"<p>L&rsquo;histoire\u00a0De l&rsquo;expertise institutionnelle \u00e0 la cr\u00e9ation de Protocole Agency \u00e0 Marseille. L&rsquo;histoire de Protocole Agency | Expertise \u00c9v\u00e9nementielle \u00e0 Marseille. &nbsp; L\u2019histoire de Protocole Agency s\u2019inscrit dans une double culture : celle de la rigueur des institutions consulaires et celle de l&rsquo;audace entrepreneuriale. Fond\u00e9e par Thalie Testot-Ferry, l&rsquo;agence est n\u00e9e de la volont\u00e9 d&rsquo;offrir un [&hellip;]<\/p>\n","protected":false},"author":1,"featured_media":0,"parent":0,"menu_order":0,"comment_status":"closed","ping_status":"closed","template":"","meta":{"_et_pb_use_builder":"on","_et_pb_old_content":"","_et_gb_content_width":"","_monsterinsights_skip_tracking":false,"_monsterinsights_sitenote_active":false,"_monsterinsights_sitenote_note":"","_monsterinsights_sitenote_category":0,"footnotes":""},"class_list":["post-941","page","type-page","status-publish","hentry"],"acf":[],"yoast_head":"<!-- This site is optimized with the Yoast SEO plugin v27.5 - https:\/\/yoast.com\/product\/yoast-seo-wordpress\/ -->\n<title>Histoire de Protocole Agency | Agence \u00c9v\u00e9nementielle \u00e0 Marseille<\/title>\n<meta name=\"description\" content=\"D\u00e9couvrez le parcours de Thalie Testot-Ferry de Protocole Agency. Une expertise n\u00e9e au c\u0153ur des institutions marseillaises pour des \u00e9v\u00e9nements d&#039;exception.\" \/>\n<meta name=\"robots\" content=\"index, follow, max-snippet:-1, max-image-preview:large, max-video-preview:-1\" \/>\n<link rel=\"canonical\" href=\"https:\/\/protocole-agency.com\/en\/notre-histoire\/\" \/>\n<meta property=\"og:locale\" content=\"en_GB\" \/>\n<meta property=\"og:type\" content=\"article\" \/>\n<meta property=\"og:title\" content=\"Histoire de Protocole Agency | Agence \u00c9v\u00e9nementielle \u00e0 Marseille\" \/>\n<meta property=\"og:description\" content=\"D\u00e9couvrez le parcours de Thalie Testot-Ferry de Protocole Agency. Une expertise n\u00e9e au c\u0153ur des institutions marseillaises pour des \u00e9v\u00e9nements d&#039;exception.\" \/>\n<meta property=\"og:url\" content=\"https:\/\/protocole-agency.com\/en\/notre-histoire\/\" \/>\n<meta property=\"og:site_name\" content=\"Protocole Agency\" \/>\n<meta property=\"article:modified_time\" content=\"2026-03-06T07:53:34+00:00\" \/>\n<meta name=\"twitter:card\" content=\"summary_large_image\" \/>\n<meta name=\"twitter:label1\" content=\"Estimated reading time\" \/>\n\t<meta name=\"twitter:data1\" content=\"4 minutes\" \/>\n<script type=\"application\/ld+json\" class=\"yoast-schema-graph\">{\"@context\":\"https:\\\/\\\/schema.org\",\"@graph\":[{\"@type\":\"WebPage\",\"@id\":\"https:\\\/\\\/protocole-agency.com\\\/notre-histoire\\\/\",\"url\":\"https:\\\/\\\/protocole-agency.com\\\/notre-histoire\\\/\",\"name\":\"Histoire de Protocole Agency | Agence \u00c9v\u00e9nementielle \u00e0 Marseille\",\"isPartOf\":{\"@id\":\"https:\\\/\\\/protocole-agency.com\\\/#website\"},\"datePublished\":\"2023-06-08T16:10:28+00:00\",\"dateModified\":\"2026-03-06T07:53:34+00:00\",\"description\":\"D\u00e9couvrez le parcours de Thalie Testot-Ferry de Protocole Agency. Une expertise n\u00e9e au c\u0153ur des institutions marseillaises pour des \u00e9v\u00e9nements d'exception.\",\"breadcrumb\":{\"@id\":\"https:\\\/\\\/protocole-agency.com\\\/notre-histoire\\\/#breadcrumb\"},\"inLanguage\":\"en-GB\",\"potentialAction\":[{\"@type\":\"ReadAction\",\"target\":[\"https:\\\/\\\/protocole-agency.com\\\/notre-histoire\\\/\"]}]},{\"@type\":\"BreadcrumbList\",\"@id\":\"https:\\\/\\\/protocole-agency.com\\\/notre-histoire\\\/#breadcrumb\",\"itemListElement\":[{\"@type\":\"ListItem\",\"position\":1,\"name\":\"Accueil\",\"item\":\"https:\\\/\\\/protocole-agency.com\\\/\"},{\"@type\":\"ListItem\",\"position\":2,\"name\":\"Notre histoire\"}]},{\"@type\":\"WebSite\",\"@id\":\"https:\\\/\\\/protocole-agency.com\\\/#website\",\"url\":\"https:\\\/\\\/protocole-agency.com\\\/\",\"name\":\"Protocole Agency\",\"description\":\"Agence d&#039;\u00e9v\u00e9nements protocolaires et de prestige\",\"publisher\":{\"@id\":\"https:\\\/\\\/protocole-agency.com\\\/#organization\"},\"potentialAction\":[{\"@type\":\"SearchAction\",\"target\":{\"@type\":\"EntryPoint\",\"urlTemplate\":\"https:\\\/\\\/protocole-agency.com\\\/?s={search_term_string}\"},\"query-input\":{\"@type\":\"PropertyValueSpecification\",\"valueRequired\":true,\"valueName\":\"search_term_string\"}}],\"inLanguage\":\"en-GB\"},{\"@type\":\"Organization\",\"@id\":\"https:\\\/\\\/protocole-agency.com\\\/#organization\",\"name\":\"Protocole Agency\",\"url\":\"https:\\\/\\\/protocole-agency.com\\\/\",\"logo\":{\"@type\":\"ImageObject\",\"inLanguage\":\"en-GB\",\"@id\":\"https:\\\/\\\/protocole-agency.com\\\/#\\\/schema\\\/logo\\\/image\\\/\",\"url\":\"https:\\\/\\\/protocole-agency.com\\\/wp-content\\\/uploads\\\/2022\\\/02\\\/protocole-agency.svg\",\"contentUrl\":\"https:\\\/\\\/protocole-agency.com\\\/wp-content\\\/uploads\\\/2022\\\/02\\\/protocole-agency.svg\",\"width\":1,\"height\":1,\"caption\":\"Protocole Agency\"},\"image\":{\"@id\":\"https:\\\/\\\/protocole-agency.com\\\/#\\\/schema\\\/logo\\\/image\\\/\"}}]}<\/script>\n<!-- \/ Yoast SEO plugin. -->","yoast_head_json":{"title":"Histoire de Protocole Agency | Agence \u00c9v\u00e9nementielle \u00e0 Marseille","description":"D\u00e9couvrez le parcours de Thalie Testot-Ferry de Protocole Agency. Une expertise n\u00e9e au c\u0153ur des institutions marseillaises pour des \u00e9v\u00e9nements d'exception.","robots":{"index":"index","follow":"follow","max-snippet":"max-snippet:-1","max-image-preview":"max-image-preview:large","max-video-preview":"max-video-preview:-1"},"canonical":"https:\/\/protocole-agency.com\/en\/notre-histoire\/","og_locale":"en_GB","og_type":"article","og_title":"Histoire de Protocole Agency | Agence \u00c9v\u00e9nementielle \u00e0 Marseille","og_description":"D\u00e9couvrez le parcours de Thalie Testot-Ferry de Protocole Agency. Une expertise n\u00e9e au c\u0153ur des institutions marseillaises pour des \u00e9v\u00e9nements d'exception.","og_url":"https:\/\/protocole-agency.com\/en\/notre-histoire\/","og_site_name":"Protocole Agency","article_modified_time":"2026-03-06T07:53:34+00:00","twitter_card":"summary_large_image","twitter_misc":{"Estimated reading time":"4 minutes"},"schema":{"@context":"https:\/\/schema.org","@graph":[{"@type":"WebPage","@id":"https:\/\/protocole-agency.com\/notre-histoire\/","url":"https:\/\/protocole-agency.com\/notre-histoire\/","name":"Histoire de Protocole Agency | Agence \u00c9v\u00e9nementielle \u00e0 Marseille","isPartOf":{"@id":"https:\/\/protocole-agency.com\/#website"},"datePublished":"2023-06-08T16:10:28+00:00","dateModified":"2026-03-06T07:53:34+00:00","description":"D\u00e9couvrez le parcours de Thalie Testot-Ferry de Protocole Agency. Une expertise n\u00e9e au c\u0153ur des institutions marseillaises pour des \u00e9v\u00e9nements d'exception.","breadcrumb":{"@id":"https:\/\/protocole-agency.com\/notre-histoire\/#breadcrumb"},"inLanguage":"en-GB","potentialAction":[{"@type":"ReadAction","target":["https:\/\/protocole-agency.com\/notre-histoire\/"]}]},{"@type":"BreadcrumbList","@id":"https:\/\/protocole-agency.com\/notre-histoire\/#breadcrumb","itemListElement":[{"@type":"ListItem","position":1,"name":"Accueil","item":"https:\/\/protocole-agency.com\/"},{"@type":"ListItem","position":2,"name":"Notre histoire"}]},{"@type":"WebSite","@id":"https:\/\/protocole-agency.com\/#website","url":"https:\/\/protocole-agency.com\/","name":"Protocole Agency","description":"Agence d&#039;\u00e9v\u00e9nements protocolaires et de prestige","publisher":{"@id":"https:\/\/protocole-agency.com\/#organization"},"potentialAction":[{"@type":"SearchAction","target":{"@type":"EntryPoint","urlTemplate":"https:\/\/protocole-agency.com\/?s={search_term_string}"},"query-input":{"@type":"PropertyValueSpecification","valueRequired":true,"valueName":"search_term_string"}}],"inLanguage":"en-GB"},{"@type":"Organization","@id":"https:\/\/protocole-agency.com\/#organization","name":"Protocole Agency","url":"https:\/\/protocole-agency.com\/","logo":{"@type":"ImageObject","inLanguage":"en-GB","@id":"https:\/\/protocole-agency.com\/#\/schema\/logo\/image\/","url":"https:\/\/protocole-agency.com\/wp-content\/uploads\/2022\/02\/protocole-agency.svg","contentUrl":"https:\/\/protocole-agency.com\/wp-content\/uploads\/2022\/02\/protocole-agency.svg","width":1,"height":1,"caption":"Protocole Agency"},"image":{"@id":"https:\/\/protocole-agency.com\/#\/schema\/logo\/image\/"}}]}},"_links":{"self":[{"href":"https:\/\/protocole-agency.com\/en\/wp-json\/wp\/v2\/pages\/941","targetHints":{"allow":["GET"]}}],"collection":[{"href":"https:\/\/protocole-agency.com\/en\/wp-json\/wp\/v2\/pages"}],"about":[{"href":"https:\/\/protocole-agency.com\/en\/wp-json\/wp\/v2\/types\/page"}],"author":[{"embeddable":true,"href":"https:\/\/protocole-agency.com\/en\/wp-json\/wp\/v2\/users\/1"}],"replies":[{"embeddable":true,"href":"https:\/\/protocole-agency.com\/en\/wp-json\/wp\/v2\/comments?post=941"}],"version-history":[{"count":12,"href":"https:\/\/protocole-agency.com\/en\/wp-json\/wp\/v2\/pages\/941\/revisions"}],"predecessor-version":[{"id":3241,"href":"https:\/\/protocole-agency.com\/en\/wp-json\/wp\/v2\/pages\/941\/revisions\/3241"}],"wp:attachment":[{"href":"https:\/\/protocole-agency.com\/en\/wp-json\/wp\/v2\/media?parent=941"}],"curies":[{"name":"wp","href":"https:\/\/api.w.org\/{rel}","templated":true}]}}